{"id":84332,"date":"2020-05-25T01:23:50","date_gmt":"2020-05-25T04:23:50","guid":{"rendered":"https:\/\/iclos.global\/eng\/?post_type=product&#038;p=84332"},"modified":"2021-04-20T10:34:27","modified_gmt":"2021-04-20T13:34:27","slug":"abiratral","status":"publish","type":"product","link":"https:\/\/iclos.global\/eng\/producto\/abiratral\/","title":{"rendered":"Abiratral"},"content":{"rendered":"<div class=\"wpb-content-wrapper\"><p>[vc_row row_height_percent=\u00bb0&#8243; overlay_alpha=\u00bb50&#8243; gutter_size=\u00bb3&#8243; column_width_percent=\u00bb100&#8243; shift_y=\u00bb0&#8243; z_index=\u00bb0&#8243; el_class=\u00bbborro-en-producto\u00bb][vc_column width=\u00bb1\/1&#8243;][vc_column_text]<\/p>\n<h3>Principio activo: Acetato de Abiraterona<br \/>\nPresentaciones: 250mg v\u00eda oral, 120 comprimidos<\/h3>\n<p>&nbsp;<\/p>\n<h4><\/h4>\n<p><strong>Mecanismo de acci\u00f3n y blancos moleculares (biol\u00f3gicos)<\/strong><\/p>\n<p>Acetato de abiraterona es un inhibidor selectivo de la enzima CYP17, la cual es necesaria para la bios\u00edntesis de andr\u00f3genos en el test\u00edculo, gl\u00e1ndulas suprarrenales y tejidos prost\u00e1ticos tumorales.<br \/>\nEl acetato de abiraterona disminuye los valores s\u00e9ricos de testosterona y otros andr\u00f3genos, y aumenta la producci\u00f3n de mineralocorticoides por las gl\u00e1ndulas suprarrenales.[\/vc_column_text][\/vc_column][\/vc_row][vc_row row_height_percent=\u00bb0&#8243; overlay_alpha=\u00bb50&#8243; gutter_size=\u00bb3&#8243; column_width_percent=\u00bb100&#8243; shift_y=\u00bb0&#8243; z_index=\u00bb0&#8243; el_class=\u00bbcatalogo-item\u00bb][vc_column width=\u00bb1\/1&#8243;][vc_row_inner][vc_column_inner width=\u00bb1\/1&#8243;][vc_empty_space empty_h=\u00bb0&#8243;][\/vc_column_inner][\/vc_row_inner][vc_row_inner][vc_column_inner width=\u00bb5\/6&#8243;][vc_column_text][\/vc_column_text][\/vc_column_inner][vc_column_inner width=\u00bb1\/6&#8243;][vc_column_text]<img decoding=\"async\" class=\"alignnone wp-image-85422 size-full\" src=\"https:\/\/iclos.global\/eng\/wp-content\/uploads\/2020\/05\/logo-prod.png\" alt=\"\" width=\"128\" height=\"46\" \/>[\/vc_column_text][\/vc_column_inner][\/vc_row_inner][\/vc_column][\/vc_row]<\/p>\n<\/div>","protected":false},"excerpt":{"rendered":"<h3>Principio activo: Acetato de Abiraterona<br \/>\nPresentaciones: 250mg v\u00eda oral, 120 comprimidos<\/h3>\n<p>&nbsp;<\/p>\n<h4><\/h4>\n<p><strong>Mecanismo de acci\u00f3n y blancos moleculares (biol\u00f3gicos)<\/strong><\/p>\n<p>Acetato de abiraterona es un inhibidor selectivo de la enzima CYP17, la cual es necesaria para la bios\u00edntesis de andr\u00f3genos en el test\u00edculo, gl\u00e1ndulas suprarrenales y tejidos prost\u00e1ticos tumorales.<br \/>\nEl acetato de abiraterona disminuye los valores s\u00e9ricos de testosterona y otros andr\u00f3genos, y aumenta la producci\u00f3n de mineralocorticoides por las gl\u00e1ndulas suprarrenales.<\/p>\n<p><strong>Indicaciones terap\u00e9uticas<\/strong><\/p>\n<p>Abiratral est\u00e1 indicado para ser co-administrado con prednisona o prednisolona para el tratamiento de c\u00e1ncer metast\u00e1sico de pr\u00f3stata que fracasaron con otros tratamientos.<\/p>\n<p><strong>Aprobaciones y pautas (FDA; EMA; ASCO; ESMO)<\/strong><\/p>\n<p>Aprobado por FDA y EMA para las indicaciones anteriormente mencionadas. ASCO\/ESMO:<br \/>\nTratamiento de primera l\u00ednea para pacientes con c\u00e1ncer prost\u00e1tico avanzado.<\/p>\n<ul>\n<li>Tratamiento del c\u00e1ncer de pr\u00f3stata metast\u00e1sico resistente a la castraci\u00f3n en hombres adultos levemente sintom\u00e1ticos tras el fracaso del tratamiento de deprivaci\u00f3n de andr\u00f3genos en los cuales la quimioterapia no est\u00e1 aun cl\u00ednicamente indicada.<\/li>\n<li>Tratamiento del c\u00e1ncer de pr\u00f3stata metast\u00e1sico resistente a la castraci\u00f3n en hombres adultos cuya enfermedad ha progresado tras un r\u00e9gimen de quimioterapia basado en Docetaxel.<\/li>\n<li>Opci\u00f3n de tratamiento en primera l\u00ednea c\u00e1ncer de pr\u00f3stata diseminado hormonosensible asociado a deprivaci\u00f3n hormonal.<\/li>\n<\/ul>\n<p><strong>Dosis y plan terap\u00e9utico<\/strong><\/p>\n<p>Se administran 1000mg (4 comprimidos de 250mg) en dosis \u00fanica en ayunas; en combinaci\u00f3n con bajas dosis de prednisolona (10mg diarios). Se debe medir las enzimas hep\u00e1ticas antes de iniciar el tratamiento y despu\u00e9s.<\/p>\n<p><em>Por m\u00e1s informaci\u00f3n ver la ficha t\u00e9cnica del producto.<\/em><\/p>\n","protected":false},"featured_media":85424,"template":"","meta":[],"product_cat":[125],"product_tag":[],"class_list":{"0":"post-84332","1":"product","2":"type-product","3":"status-publish","4":"has-post-thumbnail","6":"product_cat-sin-categorizar","7":"pa_area-terapeutica-oncologia","8":"pa_nombre-abiratral","9":"pa_principio-activo-acetato-de-abiraterona","11":"first","12":"instock","13":"shipping-taxable","14":"product-type-simple"},"yoast_head":"<!-- This site is optimized with the Yoast SEO plugin v24.1 - https:\/\/yoast.com\/wordpress\/plugins\/seo\/ -->\n<title>Abiratral - ICLOS<\/title>\n<meta name=\"robots\" content=\"index, follow, max-snippet:-1, max-image-preview:large, max-video-preview:-1\" \/>\n<link rel=\"canonical\" href=\"https:\/\/iclos.global\/eng\/producto\/abiratral\/\" \/>\n<meta property=\"og:locale\" content=\"es_ES\" \/>\n<meta property=\"og:type\" content=\"article\" \/>\n<meta property=\"og:title\" content=\"Abiratral - ICLOS\" \/>\n<meta property=\"og:description\" content=\"Principio activo: Acetato de Abiraterona Presentaciones: 250mg v\u00eda oral, 120 comprimidos &nbsp;  Mecanismo de acci\u00f3n y blancos moleculares (biol\u00f3gicos)  Acetato de abiraterona es un inhibidor selectivo de la enzima CYP17, la cual es necesaria para la bios\u00edntesis de andr\u00f3genos en el test\u00edculo, gl\u00e1ndulas suprarrenales y tejidos prost\u00e1ticos tumorales. El acetato de abiraterona disminuye los valores s\u00e9ricos de testosterona y otros andr\u00f3genos, y aumenta la producci\u00f3n de mineralocorticoides por las gl\u00e1ndulas suprarrenales.  Indicaciones terap\u00e9uticas  Abiratral est\u00e1 indicado para ser co-administrado con prednisona o prednisolona para el tratamiento de c\u00e1ncer metast\u00e1sico de pr\u00f3stata que fracasaron con otros tratamientos.  Aprobaciones y pautas (FDA; EMA; ASCO; ESMO)  Aprobado por FDA y EMA para las indicaciones anteriormente mencionadas. ASCO\/ESMO: Tratamiento de primera l\u00ednea para pacientes con c\u00e1ncer prost\u00e1tico avanzado.   Tratamiento del c\u00e1ncer de pr\u00f3stata metast\u00e1sico resistente a la castraci\u00f3n en hombres adultos levemente sintom\u00e1ticos tras el fracaso del tratamiento de deprivaci\u00f3n de andr\u00f3genos en los cuales la quimioterapia no est\u00e1 aun cl\u00ednicamente indicada.  Tratamiento del c\u00e1ncer de pr\u00f3stata metast\u00e1sico resistente a la castraci\u00f3n en hombres adultos cuya enfermedad ha progresado tras un r\u00e9gimen de quimioterapia basado en Docetaxel.  Opci\u00f3n de tratamiento en primera l\u00ednea c\u00e1ncer de pr\u00f3stata diseminado hormonosensible asociado a deprivaci\u00f3n hormonal.  Dosis y plan terap\u00e9utico  Se administran 1000mg (4 comprimidos de 250mg) en dosis \u00fanica en ayunas; en combinaci\u00f3n con bajas dosis de prednisolona (10mg diarios). Se debe medir las enzimas hep\u00e1ticas antes de iniciar el tratamiento y despu\u00e9s.  Por m\u00e1s informaci\u00f3n ver la ficha t\u00e9cnica del producto.\" \/>\n<meta property=\"og:url\" content=\"https:\/\/iclos.global\/eng\/producto\/abiratral\/\" \/>\n<meta property=\"og:site_name\" content=\"ICLOS\" \/>\n<meta property=\"article:modified_time\" content=\"2021-04-20T13:34:27+00:00\" \/>\n<meta property=\"og:image\" content=\"https:\/\/iclos.global\/eng\/wp-content\/uploads\/2020\/05\/abiratral-1.jpg\" \/>\n\t<meta property=\"og:image:width\" content=\"600\" \/>\n\t<meta property=\"og:image:height\" content=\"600\" \/>\n\t<meta property=\"og:image:type\" content=\"image\/jpeg\" \/>\n<meta name=\"twitter:card\" content=\"summary_large_image\" \/>\n<meta name=\"twitter:label1\" content=\"Tiempo de lectura\" \/>\n\t<meta name=\"twitter:data1\" content=\"1 minuto\" \/>\n<script type=\"application\/ld+json\" class=\"yoast-schema-graph\">{\"@context\":\"https:\/\/schema.org\",\"@graph\":[{\"@type\":\"WebPage\",\"@id\":\"https:\/\/iclos.global\/eng\/producto\/abiratral\/\",\"url\":\"https:\/\/iclos.global\/eng\/producto\/abiratral\/\",\"name\":\"Abiratral - ICLOS\",\"isPartOf\":{\"@id\":\"https:\/\/iclos.global\/eng\/#website\"},\"primaryImageOfPage\":{\"@id\":\"https:\/\/iclos.global\/eng\/producto\/abiratral\/#primaryimage\"},\"image\":{\"@id\":\"https:\/\/iclos.global\/eng\/producto\/abiratral\/#primaryimage\"},\"thumbnailUrl\":\"https:\/\/iclos.global\/eng\/wp-content\/uploads\/2020\/05\/abiratral-1.jpg\",\"datePublished\":\"2020-05-25T04:23:50+00:00\",\"dateModified\":\"2021-04-20T13:34:27+00:00\",\"breadcrumb\":{\"@id\":\"https:\/\/iclos.global\/eng\/producto\/abiratral\/#breadcrumb\"},\"inLanguage\":\"es\",\"potentialAction\":[{\"@type\":\"ReadAction\",\"target\":[\"https:\/\/iclos.global\/eng\/producto\/abiratral\/\"]}]},{\"@type\":\"ImageObject\",\"inLanguage\":\"es\",\"@id\":\"https:\/\/iclos.global\/eng\/producto\/abiratral\/#primaryimage\",\"url\":\"https:\/\/iclos.global\/eng\/wp-content\/uploads\/2020\/05\/abiratral-1.jpg\",\"contentUrl\":\"https:\/\/iclos.global\/eng\/wp-content\/uploads\/2020\/05\/abiratral-1.jpg\",\"width\":600,\"height\":600},{\"@type\":\"BreadcrumbList\",\"@id\":\"https:\/\/iclos.global\/eng\/producto\/abiratral\/#breadcrumb\",\"itemListElement\":[{\"@type\":\"ListItem\",\"position\":1,\"name\":\"Portada\",\"item\":\"https:\/\/iclos.global\/eng\/\"},{\"@type\":\"ListItem\",\"position\":2,\"name\":\"Tienda\",\"item\":\"https:\/\/iclos.global\/eng\/tienda\/\"},{\"@type\":\"ListItem\",\"position\":3,\"name\":\"Abiratral\"}]},{\"@type\":\"WebSite\",\"@id\":\"https:\/\/iclos.global\/eng\/#website\",\"url\":\"https:\/\/iclos.global\/eng\/\",\"name\":\"MEGALABS\",\"description\":\"\",\"potentialAction\":[{\"@type\":\"SearchAction\",\"target\":{\"@type\":\"EntryPoint\",\"urlTemplate\":\"https:\/\/iclos.global\/eng\/?s={search_term_string}\"},\"query-input\":{\"@type\":\"PropertyValueSpecification\",\"valueRequired\":true,\"valueName\":\"search_term_string\"}}],\"inLanguage\":\"es\"}]}<\/script>\n<!-- \/ Yoast SEO plugin. -->","yoast_head_json":{"title":"Abiratral - ICLOS","robots":{"index":"index","follow":"follow","max-snippet":"max-snippet:-1","max-image-preview":"max-image-preview:large","max-video-preview":"max-video-preview:-1"},"canonical":"https:\/\/iclos.global\/eng\/producto\/abiratral\/","og_locale":"es_ES","og_type":"article","og_title":"Abiratral - ICLOS","og_description":"Principio activo: Acetato de Abiraterona Presentaciones: 250mg v\u00eda oral, 120 comprimidos &nbsp;  Mecanismo de acci\u00f3n y blancos moleculares (biol\u00f3gicos)  Acetato de abiraterona es un inhibidor selectivo de la enzima CYP17, la cual es necesaria para la bios\u00edntesis de andr\u00f3genos en el test\u00edculo, gl\u00e1ndulas suprarrenales y tejidos prost\u00e1ticos tumorales. El acetato de abiraterona disminuye los valores s\u00e9ricos de testosterona y otros andr\u00f3genos, y aumenta la producci\u00f3n de mineralocorticoides por las gl\u00e1ndulas suprarrenales.  Indicaciones terap\u00e9uticas  Abiratral est\u00e1 indicado para ser co-administrado con prednisona o prednisolona para el tratamiento de c\u00e1ncer metast\u00e1sico de pr\u00f3stata que fracasaron con otros tratamientos.  Aprobaciones y pautas (FDA; EMA; ASCO; ESMO)  Aprobado por FDA y EMA para las indicaciones anteriormente mencionadas. ASCO\/ESMO: Tratamiento de primera l\u00ednea para pacientes con c\u00e1ncer prost\u00e1tico avanzado.   Tratamiento del c\u00e1ncer de pr\u00f3stata metast\u00e1sico resistente a la castraci\u00f3n en hombres adultos levemente sintom\u00e1ticos tras el fracaso del tratamiento de deprivaci\u00f3n de andr\u00f3genos en los cuales la quimioterapia no est\u00e1 aun cl\u00ednicamente indicada.  Tratamiento del c\u00e1ncer de pr\u00f3stata metast\u00e1sico resistente a la castraci\u00f3n en hombres adultos cuya enfermedad ha progresado tras un r\u00e9gimen de quimioterapia basado en Docetaxel.  Opci\u00f3n de tratamiento en primera l\u00ednea c\u00e1ncer de pr\u00f3stata diseminado hormonosensible asociado a deprivaci\u00f3n hormonal.  Dosis y plan terap\u00e9utico  Se administran 1000mg (4 comprimidos de 250mg) en dosis \u00fanica en ayunas; en combinaci\u00f3n con bajas dosis de prednisolona (10mg diarios). Se debe medir las enzimas hep\u00e1ticas antes de iniciar el tratamiento y despu\u00e9s.  Por m\u00e1s informaci\u00f3n ver la ficha t\u00e9cnica del producto.","og_url":"https:\/\/iclos.global\/eng\/producto\/abiratral\/","og_site_name":"ICLOS","article_modified_time":"2021-04-20T13:34:27+00:00","og_image":[{"width":600,"height":600,"url":"https:\/\/iclos.global\/eng\/wp-content\/uploads\/2020\/05\/abiratral-1.jpg","type":"image\/jpeg"}],"twitter_card":"summary_large_image","twitter_misc":{"Tiempo de lectura":"1 minuto"},"schema":{"@context":"https:\/\/schema.org","@graph":[{"@type":"WebPage","@id":"https:\/\/iclos.global\/eng\/producto\/abiratral\/","url":"https:\/\/iclos.global\/eng\/producto\/abiratral\/","name":"Abiratral - ICLOS","isPartOf":{"@id":"https:\/\/iclos.global\/eng\/#website"},"primaryImageOfPage":{"@id":"https:\/\/iclos.global\/eng\/producto\/abiratral\/#primaryimage"},"image":{"@id":"https:\/\/iclos.global\/eng\/producto\/abiratral\/#primaryimage"},"thumbnailUrl":"https:\/\/iclos.global\/eng\/wp-content\/uploads\/2020\/05\/abiratral-1.jpg","datePublished":"2020-05-25T04:23:50+00:00","dateModified":"2021-04-20T13:34:27+00:00","breadcrumb":{"@id":"https:\/\/iclos.global\/eng\/producto\/abiratral\/#breadcrumb"},"inLanguage":"es","potentialAction":[{"@type":"ReadAction","target":["https:\/\/iclos.global\/eng\/producto\/abiratral\/"]}]},{"@type":"ImageObject","inLanguage":"es","@id":"https:\/\/iclos.global\/eng\/producto\/abiratral\/#primaryimage","url":"https:\/\/iclos.global\/eng\/wp-content\/uploads\/2020\/05\/abiratral-1.jpg","contentUrl":"https:\/\/iclos.global\/eng\/wp-content\/uploads\/2020\/05\/abiratral-1.jpg","width":600,"height":600},{"@type":"BreadcrumbList","@id":"https:\/\/iclos.global\/eng\/producto\/abiratral\/#breadcrumb","itemListElement":[{"@type":"ListItem","position":1,"name":"Portada","item":"https:\/\/iclos.global\/eng\/"},{"@type":"ListItem","position":2,"name":"Tienda","item":"https:\/\/iclos.global\/eng\/tienda\/"},{"@type":"ListItem","position":3,"name":"Abiratral"}]},{"@type":"WebSite","@id":"https:\/\/iclos.global\/eng\/#website","url":"https:\/\/iclos.global\/eng\/","name":"MEGALABS","description":"","potentialAction":[{"@type":"SearchAction","target":{"@type":"EntryPoint","urlTemplate":"https:\/\/iclos.global\/eng\/?s={search_term_string}"},"query-input":{"@type":"PropertyValueSpecification","valueRequired":true,"valueName":"search_term_string"}}],"inLanguage":"es"}]}},"_links":{"self":[{"href":"https:\/\/iclos.global\/eng\/wp-json\/wp\/v2\/product\/84332","targetHints":{"allow":["GET"]}}],"collection":[{"href":"https:\/\/iclos.global\/eng\/wp-json\/wp\/v2\/product"}],"about":[{"href":"https:\/\/iclos.global\/eng\/wp-json\/wp\/v2\/types\/product"}],"wp:featuredmedia":[{"embeddable":true,"href":"https:\/\/iclos.global\/eng\/wp-json\/wp\/v2\/media\/85424"}],"wp:attachment":[{"href":"https:\/\/iclos.global\/eng\/wp-json\/wp\/v2\/media?parent=84332"}],"wp:term":[{"taxonomy":"product_cat","embeddable":true,"href":"https:\/\/iclos.global\/eng\/wp-json\/wp\/v2\/product_cat?post=84332"},{"taxonomy":"product_tag","embeddable":true,"href":"https:\/\/iclos.global\/eng\/wp-json\/wp\/v2\/product_tag?post=84332"}],"curies":[{"name":"wp","href":"https:\/\/api.w.org\/{rel}","templated":true}]}}