{"id":84344,"date":"2020-05-25T03:29:15","date_gmt":"2020-05-25T06:29:15","guid":{"rendered":"https:\/\/iclos.global\/eng\/?post_type=product&#038;p=84344"},"modified":"2021-04-20T11:07:33","modified_gmt":"2021-04-20T14:07:33","slug":"coparina-meparina-noxprin","status":"publish","type":"product","link":"https:\/\/iclos.global\/eng\/producto\/coparina-meparina-noxprin\/","title":{"rendered":"Coparina Meparina Noxprin"},"content":{"rendered":"<div class=\"wpb-content-wrapper\"><p>[vc_row row_height_percent=\u00bb0&#8243; overlay_alpha=\u00bb50&#8243; gutter_size=\u00bb3&#8243; column_width_percent=\u00bb100&#8243; shift_y=\u00bb0&#8243; z_index=\u00bb0&#8243; el_class=\u00bbborro-en-producto\u00bb][vc_column width=\u00bb1\/1&#8243;][vc_column_text]<\/p>\n<h3>Principio activo: Enoxaparina<br \/>\nPresentaciones: Jeringas prellenadas x 20 mg, Jeringas prellenadas x 40 mg, Jeringas prellenadas x 60 mg, Jeringas prellenadas x 80 mg<\/h3>\n<p>&nbsp;<\/p>\n<h4><\/h4>\n<p><strong>Mecanismo de acci\u00f3n y blancos moleculares (biol\u00f3gicos)<\/strong><\/p>\n<p>La enoxaparina s\u00f3dica es una heparina de bajo peso molecular con propiedades antitromb\u00f3ticas, proveniente de la mucosa intestinal porcina. Posee una actividad antifactor Xa elevada (alrededor de 100 UI\/mg) y una d\u00e9bil actividad anti-IIa o antitromb\u00ednica (aproximadamente 28 UI\/mg).[\/vc_column_text][\/vc_column][\/vc_row][vc_row row_height_percent=\u00bb0&#8243; overlay_alpha=\u00bb50&#8243; gutter_size=\u00bb3&#8243; column_width_percent=\u00bb100&#8243; shift_y=\u00bb0&#8243; z_index=\u00bb0&#8243; el_class=\u00bbcatalogo-item\u00bb][vc_column width=\u00bb1\/1&#8243;][vc_row_inner][vc_column_inner width=\u00bb1\/1&#8243;][vc_empty_space empty_h=\u00bb0&#8243;][\/vc_column_inner][\/vc_row_inner][vc_row_inner][vc_column_inner width=\u00bb5\/6&#8243;][vc_column_text][\/vc_column_text][\/vc_column_inner][vc_column_inner width=\u00bb1\/6&#8243;][vc_column_text]<img decoding=\"async\" class=\"alignnone wp-image-85422 size-full\" src=\"https:\/\/iclos.global\/eng\/wp-content\/uploads\/2020\/05\/logo-prod.png\" alt=\"\" width=\"128\" height=\"46\" \/>[\/vc_column_text][\/vc_column_inner][\/vc_row_inner][\/vc_column][\/vc_row]<\/p>\n<\/div>","protected":false},"excerpt":{"rendered":"<h3>Principio activo: Enoxaparina<br \/>\nPresentaciones: Jeringas prellenadas x 20 mg, Jeringas prellenadas x 40 mg, Jeringas prellenadas x 60 mg, Jeringas prellenadas x 80 mg<\/h3>\n<p>&nbsp;<\/p>\n<h4><\/h4>\n<p><strong>Mecanismo de acci\u00f3n y blancos moleculares (biol\u00f3gicos)<\/strong><\/p>\n<p>La enoxaparina s\u00f3dica es una heparina de bajo peso molecular con propiedades antitromb\u00f3ticas, proveniente de la mucosa intestinal porcina. Posee una actividad antifactor Xa elevada (alrededor de 100 UI\/mg) y una d\u00e9bil actividad anti-IIa o antitromb\u00ednica (aproximadamente 28 UI\/mg).<\/p>\n<p><strong>Indicaciones terap\u00e9uticas<\/strong><\/p>\n<ul>\n<li>Profilaxis y tratamiento de trombosis venosa profunda (en pacientes adultos sometidos<br \/>\na cirug\u00edas o movilidad restringida durante enfermedad aguda, con o sin embolismo<br \/>\npulmonar).<\/li>\n<li>Profilaxis de complicaciones isqu\u00e9micas de angina inestable y de infarto de miocardio<br \/>\nde onda no-Q, con administraci\u00f3n concurrente de AAS en pacientes adultos.<\/li>\n<\/ul>\n<p><strong>Aprobaciones y pautas (FDA; EMA; ASCO; ESMO)<\/strong><\/p>\n<p>Enoxaparina ha sido aprobado por EMA y FDA para las indicaciones anteriormente<br \/>\nmencionadas.<\/p>\n<p><strong>Dosis y plan terap\u00e9utico<\/strong><\/p>\n<p>La dosis y el plan terap\u00e9utico depender\u00e1 de la indicaci\u00f3n y cirug\u00eda del paciente.<br \/>\nDosis recomendada: entre 20-40 mg v\u00eda SC una vez al d\u00eda o entre 1,5-2 mg\/kg al d\u00eda v\u00eda SC.<br \/>\nAjustar la dosis seg\u00fan grado de insuficiencia renal.<\/p>\n<p><em>Por m\u00e1s informaci\u00f3n ver la ficha t\u00e9cnica del producto.<\/em><\/p>\n","protected":false},"featured_media":85426,"template":"","meta":[],"product_cat":[125],"product_tag":[],"class_list":{"0":"post-84344","1":"product","2":"type-product","3":"status-publish","4":"has-post-thumbnail","6":"product_cat-sin-categorizar","7":"pa_area-terapeutica-hematologia-ginecologia-traumatologia","8":"pa_nombre-coparina-meparina-noxprin","9":"pa_principio-activo-enoxaparina","11":"first","12":"instock","13":"shipping-taxable","14":"product-type-simple"},"yoast_head":"<!-- This site is optimized with the Yoast SEO plugin v24.1 - https:\/\/yoast.com\/wordpress\/plugins\/seo\/ -->\n<title>Coparina Meparina Noxprin - ICLOS<\/title>\n<meta name=\"robots\" content=\"index, follow, max-snippet:-1, max-image-preview:large, max-video-preview:-1\" \/>\n<link rel=\"canonical\" href=\"https:\/\/iclos.global\/eng\/producto\/coparina-meparina-noxprin\/\" \/>\n<meta property=\"og:locale\" content=\"es_ES\" \/>\n<meta property=\"og:type\" content=\"article\" \/>\n<meta property=\"og:title\" content=\"Coparina Meparina Noxprin - ICLOS\" \/>\n<meta property=\"og:description\" content=\"Principio activo: Enoxaparina Presentaciones: Jeringas prellenadas x 20 mg, Jeringas prellenadas x 40 mg, Jeringas prellenadas x 60 mg, Jeringas prellenadas x 80 mg &nbsp;  Mecanismo de acci\u00f3n y blancos moleculares (biol\u00f3gicos)  La enoxaparina s\u00f3dica es una heparina de bajo peso molecular con propiedades antitromb\u00f3ticas, proveniente de la mucosa intestinal porcina. Posee una actividad antifactor Xa elevada (alrededor de 100 UI\/mg) y una d\u00e9bil actividad anti-IIa o antitromb\u00ednica (aproximadamente 28 UI\/mg).  Indicaciones terap\u00e9uticas   Profilaxis y tratamiento de trombosis venosa profunda (en pacientes adultos sometidos a cirug\u00edas o movilidad restringida durante enfermedad aguda, con o sin embolismo pulmonar).  Profilaxis de complicaciones isqu\u00e9micas de angina inestable y de infarto de miocardio de onda no-Q, con administraci\u00f3n concurrente de AAS en pacientes adultos.  Aprobaciones y pautas (FDA; EMA; ASCO; ESMO)  Enoxaparina ha sido aprobado por EMA y FDA para las indicaciones anteriormente mencionadas.  Dosis y plan terap\u00e9utico  La dosis y el plan terap\u00e9utico depender\u00e1 de la indicaci\u00f3n y cirug\u00eda del paciente. Dosis recomendada: entre 20-40 mg v\u00eda SC una vez al d\u00eda o entre 1,5-2 mg\/kg al d\u00eda v\u00eda SC. Ajustar la dosis seg\u00fan grado de insuficiencia renal.  Por m\u00e1s informaci\u00f3n ver la ficha t\u00e9cnica del producto.\" \/>\n<meta property=\"og:url\" content=\"https:\/\/iclos.global\/eng\/producto\/coparina-meparina-noxprin\/\" \/>\n<meta property=\"og:site_name\" content=\"ICLOS\" \/>\n<meta property=\"article:modified_time\" content=\"2021-04-20T14:07:33+00:00\" \/>\n<meta property=\"og:image\" content=\"https:\/\/iclos.global\/eng\/wp-content\/uploads\/2020\/05\/coparina.jpg\" \/>\n\t<meta property=\"og:image:width\" content=\"600\" \/>\n\t<meta property=\"og:image:height\" content=\"600\" \/>\n\t<meta property=\"og:image:type\" content=\"image\/jpeg\" \/>\n<meta name=\"twitter:card\" content=\"summary_large_image\" \/>\n<meta name=\"twitter:label1\" content=\"Tiempo de lectura\" \/>\n\t<meta name=\"twitter:data1\" content=\"1 minuto\" \/>\n<script type=\"application\/ld+json\" class=\"yoast-schema-graph\">{\"@context\":\"https:\/\/schema.org\",\"@graph\":[{\"@type\":\"WebPage\",\"@id\":\"https:\/\/iclos.global\/eng\/producto\/coparina-meparina-noxprin\/\",\"url\":\"https:\/\/iclos.global\/eng\/producto\/coparina-meparina-noxprin\/\",\"name\":\"Coparina Meparina Noxprin - ICLOS\",\"isPartOf\":{\"@id\":\"https:\/\/iclos.global\/eng\/#website\"},\"primaryImageOfPage\":{\"@id\":\"https:\/\/iclos.global\/eng\/producto\/coparina-meparina-noxprin\/#primaryimage\"},\"image\":{\"@id\":\"https:\/\/iclos.global\/eng\/producto\/coparina-meparina-noxprin\/#primaryimage\"},\"thumbnailUrl\":\"https:\/\/iclos.global\/eng\/wp-content\/uploads\/2020\/05\/coparina.jpg\",\"datePublished\":\"2020-05-25T06:29:15+00:00\",\"dateModified\":\"2021-04-20T14:07:33+00:00\",\"breadcrumb\":{\"@id\":\"https:\/\/iclos.global\/eng\/producto\/coparina-meparina-noxprin\/#breadcrumb\"},\"inLanguage\":\"es\",\"potentialAction\":[{\"@type\":\"ReadAction\",\"target\":[\"https:\/\/iclos.global\/eng\/producto\/coparina-meparina-noxprin\/\"]}]},{\"@type\":\"ImageObject\",\"inLanguage\":\"es\",\"@id\":\"https:\/\/iclos.global\/eng\/producto\/coparina-meparina-noxprin\/#primaryimage\",\"url\":\"https:\/\/iclos.global\/eng\/wp-content\/uploads\/2020\/05\/coparina.jpg\",\"contentUrl\":\"https:\/\/iclos.global\/eng\/wp-content\/uploads\/2020\/05\/coparina.jpg\",\"width\":600,\"height\":600},{\"@type\":\"BreadcrumbList\",\"@id\":\"https:\/\/iclos.global\/eng\/producto\/coparina-meparina-noxprin\/#breadcrumb\",\"itemListElement\":[{\"@type\":\"ListItem\",\"position\":1,\"name\":\"Portada\",\"item\":\"https:\/\/iclos.global\/eng\/\"},{\"@type\":\"ListItem\",\"position\":2,\"name\":\"Tienda\",\"item\":\"https:\/\/iclos.global\/eng\/tienda\/\"},{\"@type\":\"ListItem\",\"position\":3,\"name\":\"Coparina Meparina Noxprin\"}]},{\"@type\":\"WebSite\",\"@id\":\"https:\/\/iclos.global\/eng\/#website\",\"url\":\"https:\/\/iclos.global\/eng\/\",\"name\":\"MEGALABS\",\"description\":\"\",\"potentialAction\":[{\"@type\":\"SearchAction\",\"target\":{\"@type\":\"EntryPoint\",\"urlTemplate\":\"https:\/\/iclos.global\/eng\/?s={search_term_string}\"},\"query-input\":{\"@type\":\"PropertyValueSpecification\",\"valueRequired\":true,\"valueName\":\"search_term_string\"}}],\"inLanguage\":\"es\"}]}<\/script>\n<!-- \/ Yoast SEO plugin. -->","yoast_head_json":{"title":"Coparina Meparina Noxprin - ICLOS","robots":{"index":"index","follow":"follow","max-snippet":"max-snippet:-1","max-image-preview":"max-image-preview:large","max-video-preview":"max-video-preview:-1"},"canonical":"https:\/\/iclos.global\/eng\/producto\/coparina-meparina-noxprin\/","og_locale":"es_ES","og_type":"article","og_title":"Coparina Meparina Noxprin - ICLOS","og_description":"Principio activo: Enoxaparina Presentaciones: Jeringas prellenadas x 20 mg, Jeringas prellenadas x 40 mg, Jeringas prellenadas x 60 mg, Jeringas prellenadas x 80 mg &nbsp;  Mecanismo de acci\u00f3n y blancos moleculares (biol\u00f3gicos)  La enoxaparina s\u00f3dica es una heparina de bajo peso molecular con propiedades antitromb\u00f3ticas, proveniente de la mucosa intestinal porcina. Posee una actividad antifactor Xa elevada (alrededor de 100 UI\/mg) y una d\u00e9bil actividad anti-IIa o antitromb\u00ednica (aproximadamente 28 UI\/mg).  Indicaciones terap\u00e9uticas   Profilaxis y tratamiento de trombosis venosa profunda (en pacientes adultos sometidos a cirug\u00edas o movilidad restringida durante enfermedad aguda, con o sin embolismo pulmonar).  Profilaxis de complicaciones isqu\u00e9micas de angina inestable y de infarto de miocardio de onda no-Q, con administraci\u00f3n concurrente de AAS en pacientes adultos.  Aprobaciones y pautas (FDA; EMA; ASCO; ESMO)  Enoxaparina ha sido aprobado por EMA y FDA para las indicaciones anteriormente mencionadas.  Dosis y plan terap\u00e9utico  La dosis y el plan terap\u00e9utico depender\u00e1 de la indicaci\u00f3n y cirug\u00eda del paciente. Dosis recomendada: entre 20-40 mg v\u00eda SC una vez al d\u00eda o entre 1,5-2 mg\/kg al d\u00eda v\u00eda SC. Ajustar la dosis seg\u00fan grado de insuficiencia renal.  Por m\u00e1s informaci\u00f3n ver la ficha t\u00e9cnica del producto.","og_url":"https:\/\/iclos.global\/eng\/producto\/coparina-meparina-noxprin\/","og_site_name":"ICLOS","article_modified_time":"2021-04-20T14:07:33+00:00","og_image":[{"width":600,"height":600,"url":"https:\/\/iclos.global\/eng\/wp-content\/uploads\/2020\/05\/coparina.jpg","type":"image\/jpeg"}],"twitter_card":"summary_large_image","twitter_misc":{"Tiempo de lectura":"1 minuto"},"schema":{"@context":"https:\/\/schema.org","@graph":[{"@type":"WebPage","@id":"https:\/\/iclos.global\/eng\/producto\/coparina-meparina-noxprin\/","url":"https:\/\/iclos.global\/eng\/producto\/coparina-meparina-noxprin\/","name":"Coparina Meparina Noxprin - ICLOS","isPartOf":{"@id":"https:\/\/iclos.global\/eng\/#website"},"primaryImageOfPage":{"@id":"https:\/\/iclos.global\/eng\/producto\/coparina-meparina-noxprin\/#primaryimage"},"image":{"@id":"https:\/\/iclos.global\/eng\/producto\/coparina-meparina-noxprin\/#primaryimage"},"thumbnailUrl":"https:\/\/iclos.global\/eng\/wp-content\/uploads\/2020\/05\/coparina.jpg","datePublished":"2020-05-25T06:29:15+00:00","dateModified":"2021-04-20T14:07:33+00:00","breadcrumb":{"@id":"https:\/\/iclos.global\/eng\/producto\/coparina-meparina-noxprin\/#breadcrumb"},"inLanguage":"es","potentialAction":[{"@type":"ReadAction","target":["https:\/\/iclos.global\/eng\/producto\/coparina-meparina-noxprin\/"]}]},{"@type":"ImageObject","inLanguage":"es","@id":"https:\/\/iclos.global\/eng\/producto\/coparina-meparina-noxprin\/#primaryimage","url":"https:\/\/iclos.global\/eng\/wp-content\/uploads\/2020\/05\/coparina.jpg","contentUrl":"https:\/\/iclos.global\/eng\/wp-content\/uploads\/2020\/05\/coparina.jpg","width":600,"height":600},{"@type":"BreadcrumbList","@id":"https:\/\/iclos.global\/eng\/producto\/coparina-meparina-noxprin\/#breadcrumb","itemListElement":[{"@type":"ListItem","position":1,"name":"Portada","item":"https:\/\/iclos.global\/eng\/"},{"@type":"ListItem","position":2,"name":"Tienda","item":"https:\/\/iclos.global\/eng\/tienda\/"},{"@type":"ListItem","position":3,"name":"Coparina Meparina Noxprin"}]},{"@type":"WebSite","@id":"https:\/\/iclos.global\/eng\/#website","url":"https:\/\/iclos.global\/eng\/","name":"MEGALABS","description":"","potentialAction":[{"@type":"SearchAction","target":{"@type":"EntryPoint","urlTemplate":"https:\/\/iclos.global\/eng\/?s={search_term_string}"},"query-input":{"@type":"PropertyValueSpecification","valueRequired":true,"valueName":"search_term_string"}}],"inLanguage":"es"}]}},"_links":{"self":[{"href":"https:\/\/iclos.global\/eng\/wp-json\/wp\/v2\/product\/84344","targetHints":{"allow":["GET"]}}],"collection":[{"href":"https:\/\/iclos.global\/eng\/wp-json\/wp\/v2\/product"}],"about":[{"href":"https:\/\/iclos.global\/eng\/wp-json\/wp\/v2\/types\/product"}],"wp:featuredmedia":[{"embeddable":true,"href":"https:\/\/iclos.global\/eng\/wp-json\/wp\/v2\/media\/85426"}],"wp:attachment":[{"href":"https:\/\/iclos.global\/eng\/wp-json\/wp\/v2\/media?parent=84344"}],"wp:term":[{"taxonomy":"product_cat","embeddable":true,"href":"https:\/\/iclos.global\/eng\/wp-json\/wp\/v2\/product_cat?post=84344"},{"taxonomy":"product_tag","embeddable":true,"href":"https:\/\/iclos.global\/eng\/wp-json\/wp\/v2\/product_tag?post=84344"}],"curies":[{"name":"wp","href":"https:\/\/api.w.org\/{rel}","templated":true}]}}