{"id":86080,"date":"2021-04-20T13:32:51","date_gmt":"2021-04-20T16:32:51","guid":{"rendered":"https:\/\/iclos.global\/eng\/?post_type=product&#038;p=86080"},"modified":"2021-04-20T13:42:30","modified_gmt":"2021-04-20T16:42:30","slug":"botemib","status":"publish","type":"product","link":"https:\/\/iclos.global\/eng\/producto\/botemib\/","title":{"rendered":"Botemib"},"content":{"rendered":"<div class=\"wpb-content-wrapper\"><p>[vc_row row_height_percent=\u00bb0&#8243; overlay_alpha=\u00bb50&#8243; gutter_size=\u00bb3&#8243; column_width_percent=\u00bb100&#8243; shift_y=\u00bb0&#8243; z_index=\u00bb0&#8243; el_class=\u00bbborro-en-producto\u00bb][vc_column width=\u00bb1\/1&#8243;][vc_column_text]<\/p>\n<h3>Principio activo: Bortezomib<br \/>\nPresentaciones: Vial Liof 1.0 mg 10 ml x1, Vial Liof 2.50 mg 10 ml x 1, Vial Liof 3.50 mg 10 ml x 1<\/h3>\n<p>&nbsp;<\/p>\n<h4><\/h4>\n<p><strong>Mecanismo de acci\u00f3n y blancos moleculares (biol\u00f3gicos)<\/strong><\/p>\n<p>Botemib es un antineopl\u00e1sico, de acci\u00f3n citot\u00f3xica, que destruye las c\u00e9lulas tumorales.<br \/>\nEl Bortezomib es un inhibidor del proteosoma dise\u00f1ado espec\u00edficamente para inhibir la actividad quimotripsina del proteosoma 26S en c\u00e9lulas de mam\u00edfero provocando la detenci\u00f3n del ciclo celular y la apoptosis.[\/vc_column_text][\/vc_column][\/vc_row][vc_row row_height_percent=\u00bb0&#8243; overlay_alpha=\u00bb50&#8243; gutter_size=\u00bb3&#8243; column_width_percent=\u00bb100&#8243; shift_y=\u00bb0&#8243; z_index=\u00bb0&#8243; el_class=\u00bbcatalogo-item\u00bb][vc_column width=\u00bb1\/1&#8243;][vc_row_inner][vc_column_inner width=\u00bb1\/1&#8243;][vc_empty_space empty_h=\u00bb0&#8243;][\/vc_column_inner][\/vc_row_inner][vc_row_inner][vc_column_inner width=\u00bb5\/6&#8243;][vc_column_text][\/vc_column_text][\/vc_column_inner][vc_column_inner width=\u00bb1\/6&#8243;][vc_column_text]<img decoding=\"async\" class=\"alignnone wp-image-85422 size-full\" src=\"https:\/\/iclos.global\/eng\/wp-content\/uploads\/2020\/05\/logo-prod.png\" alt=\"\" width=\"128\" height=\"46\" \/>[\/vc_column_text][\/vc_column_inner][\/vc_row_inner][\/vc_column][\/vc_row]<\/p>\n<\/div>","protected":false},"excerpt":{"rendered":"<h3>Principio activo: Bortezomib<br \/>\nPresentaciones: Vial Liof 1.0 mg 10 ml x1, Vial Liof 2.50 mg 10 ml x 1, Vial Liof 3.50 mg 10 ml x 1<\/h3>\n<p>&nbsp;<\/p>\n<h4><\/h4>\n<p><strong>Mecanismo de acci\u00f3n y blancos moleculares (biol\u00f3gicos)<\/strong><\/p>\n<p>Botemib es un antineopl\u00e1sico, de acci\u00f3n citot\u00f3xica, que destruye las c\u00e9lulas tumorales.<br \/>\nEl Bortezomib es un inhibidor del proteosoma dise\u00f1ado espec\u00edficamente para inhibir la actividad quimotripsina del proteosoma 26S en c\u00e9lulas de mam\u00edfero provocando la detenci\u00f3n del ciclo celular y la apoptosis.<\/p>\n<p><strong>Indicaciones terap\u00e9uticas<\/strong><\/p>\n<p>Linfoma de c\u00e9lulas del manto en pacientes adultos<br \/>\nMieloma m\u00faltiple en pacientes adultos<\/p>\n<p><strong>Aprobaciones y pautas (FDA; EMA; ASCO; ESMO)<\/strong><\/p>\n<p>Ha sido aprobado por EMA y FDA para las indicaciones anteriormente mencionadas.<\/p>\n<p><strong>Dosis y plan terap\u00e9utico<\/strong><\/p>\n<p>La dosis y el plan terap\u00e9utico depender\u00e1 de la indicaci\u00f3n.<br \/>\nDosis recomendad: 1,3 mg\/m2\/dosis por v\u00eda IV o SC.<br \/>\nAjustar la dosis en caso de toxicidad hematol\u00f3gica o no hematol\u00f3gica, dolor neurop\u00e1tico o neuropat\u00eda perif\u00e9rica.<\/p>\n<p><em>Por m\u00e1s informaci\u00f3n ver la ficha t\u00e9cnica del producto.<\/em><\/p>\n","protected":false},"featured_media":86081,"template":"","meta":[],"product_cat":[125],"product_tag":[],"class_list":{"0":"post-86080","1":"product","2":"type-product","3":"status-publish","4":"has-post-thumbnail","6":"product_cat-sin-categorizar","7":"pa_area-terapeutica-hemato-oncologia","8":"pa_nombre-botemib","9":"pa_principio-activo-bortezomib","11":"first","12":"instock","13":"shipping-taxable","14":"product-type-simple"},"yoast_head":"<!-- This site is optimized with the Yoast SEO plugin v24.1 - https:\/\/yoast.com\/wordpress\/plugins\/seo\/ -->\n<title>Botemib - ICLOS<\/title>\n<meta name=\"robots\" content=\"index, follow, max-snippet:-1, max-image-preview:large, max-video-preview:-1\" \/>\n<link rel=\"canonical\" href=\"https:\/\/iclos.global\/eng\/producto\/botemib\/\" \/>\n<meta property=\"og:locale\" content=\"es_ES\" \/>\n<meta property=\"og:type\" content=\"article\" \/>\n<meta property=\"og:title\" content=\"Botemib - ICLOS\" \/>\n<meta property=\"og:description\" content=\"Principio activo: Bortezomib Presentaciones: Vial Liof 1.0 mg 10 ml x1, Vial Liof 2.50 mg 10 ml x 1, Vial Liof 3.50 mg 10 ml x 1 &nbsp;  Mecanismo de acci\u00f3n y blancos moleculares (biol\u00f3gicos)  Botemib es un antineopl\u00e1sico, de acci\u00f3n citot\u00f3xica, que destruye las c\u00e9lulas tumorales. El Bortezomib es un inhibidor del proteosoma dise\u00f1ado espec\u00edficamente para inhibir la actividad quimotripsina del proteosoma 26S en c\u00e9lulas de mam\u00edfero provocando la detenci\u00f3n del ciclo celular y la apoptosis.  Indicaciones terap\u00e9uticas  Linfoma de c\u00e9lulas del manto en pacientes adultos Mieloma m\u00faltiple en pacientes adultos  Aprobaciones y pautas (FDA; EMA; ASCO; ESMO)  Ha sido aprobado por EMA y FDA para las indicaciones anteriormente mencionadas.  Dosis y plan terap\u00e9utico  La dosis y el plan terap\u00e9utico depender\u00e1 de la indicaci\u00f3n. Dosis recomendad: 1,3 mg\/m2\/dosis por v\u00eda IV o SC. Ajustar la dosis en caso de toxicidad hematol\u00f3gica o no hematol\u00f3gica, dolor neurop\u00e1tico o neuropat\u00eda perif\u00e9rica.  Por m\u00e1s informaci\u00f3n ver la ficha t\u00e9cnica del producto.\" \/>\n<meta property=\"og:url\" content=\"https:\/\/iclos.global\/eng\/producto\/botemib\/\" \/>\n<meta property=\"og:site_name\" content=\"ICLOS\" \/>\n<meta property=\"article:modified_time\" content=\"2021-04-20T16:42:30+00:00\" \/>\n<meta property=\"og:image\" content=\"https:\/\/iclos.global\/eng\/wp-content\/uploads\/2021\/04\/botemib.jpg\" \/>\n\t<meta property=\"og:image:width\" content=\"600\" \/>\n\t<meta property=\"og:image:height\" content=\"600\" \/>\n\t<meta property=\"og:image:type\" content=\"image\/jpeg\" \/>\n<meta name=\"twitter:card\" content=\"summary_large_image\" \/>\n<meta name=\"twitter:label1\" content=\"Tiempo de lectura\" \/>\n\t<meta name=\"twitter:data1\" content=\"1 minuto\" \/>\n<script type=\"application\/ld+json\" class=\"yoast-schema-graph\">{\"@context\":\"https:\/\/schema.org\",\"@graph\":[{\"@type\":\"WebPage\",\"@id\":\"https:\/\/iclos.global\/eng\/producto\/botemib\/\",\"url\":\"https:\/\/iclos.global\/eng\/producto\/botemib\/\",\"name\":\"Botemib - ICLOS\",\"isPartOf\":{\"@id\":\"https:\/\/iclos.global\/eng\/#website\"},\"primaryImageOfPage\":{\"@id\":\"https:\/\/iclos.global\/eng\/producto\/botemib\/#primaryimage\"},\"image\":{\"@id\":\"https:\/\/iclos.global\/eng\/producto\/botemib\/#primaryimage\"},\"thumbnailUrl\":\"https:\/\/iclos.global\/eng\/wp-content\/uploads\/2021\/04\/botemib.jpg\",\"datePublished\":\"2021-04-20T16:32:51+00:00\",\"dateModified\":\"2021-04-20T16:42:30+00:00\",\"breadcrumb\":{\"@id\":\"https:\/\/iclos.global\/eng\/producto\/botemib\/#breadcrumb\"},\"inLanguage\":\"es\",\"potentialAction\":[{\"@type\":\"ReadAction\",\"target\":[\"https:\/\/iclos.global\/eng\/producto\/botemib\/\"]}]},{\"@type\":\"ImageObject\",\"inLanguage\":\"es\",\"@id\":\"https:\/\/iclos.global\/eng\/producto\/botemib\/#primaryimage\",\"url\":\"https:\/\/iclos.global\/eng\/wp-content\/uploads\/2021\/04\/botemib.jpg\",\"contentUrl\":\"https:\/\/iclos.global\/eng\/wp-content\/uploads\/2021\/04\/botemib.jpg\",\"width\":600,\"height\":600},{\"@type\":\"BreadcrumbList\",\"@id\":\"https:\/\/iclos.global\/eng\/producto\/botemib\/#breadcrumb\",\"itemListElement\":[{\"@type\":\"ListItem\",\"position\":1,\"name\":\"Portada\",\"item\":\"https:\/\/iclos.global\/eng\/\"},{\"@type\":\"ListItem\",\"position\":2,\"name\":\"Tienda\",\"item\":\"https:\/\/iclos.global\/eng\/tienda\/\"},{\"@type\":\"ListItem\",\"position\":3,\"name\":\"Botemib\"}]},{\"@type\":\"WebSite\",\"@id\":\"https:\/\/iclos.global\/eng\/#website\",\"url\":\"https:\/\/iclos.global\/eng\/\",\"name\":\"MEGALABS\",\"description\":\"\",\"potentialAction\":[{\"@type\":\"SearchAction\",\"target\":{\"@type\":\"EntryPoint\",\"urlTemplate\":\"https:\/\/iclos.global\/eng\/?s={search_term_string}\"},\"query-input\":{\"@type\":\"PropertyValueSpecification\",\"valueRequired\":true,\"valueName\":\"search_term_string\"}}],\"inLanguage\":\"es\"}]}<\/script>\n<!-- \/ Yoast SEO plugin. -->","yoast_head_json":{"title":"Botemib - ICLOS","robots":{"index":"index","follow":"follow","max-snippet":"max-snippet:-1","max-image-preview":"max-image-preview:large","max-video-preview":"max-video-preview:-1"},"canonical":"https:\/\/iclos.global\/eng\/producto\/botemib\/","og_locale":"es_ES","og_type":"article","og_title":"Botemib - ICLOS","og_description":"Principio activo: Bortezomib Presentaciones: Vial Liof 1.0 mg 10 ml x1, Vial Liof 2.50 mg 10 ml x 1, Vial Liof 3.50 mg 10 ml x 1 &nbsp;  Mecanismo de acci\u00f3n y blancos moleculares (biol\u00f3gicos)  Botemib es un antineopl\u00e1sico, de acci\u00f3n citot\u00f3xica, que destruye las c\u00e9lulas tumorales. El Bortezomib es un inhibidor del proteosoma dise\u00f1ado espec\u00edficamente para inhibir la actividad quimotripsina del proteosoma 26S en c\u00e9lulas de mam\u00edfero provocando la detenci\u00f3n del ciclo celular y la apoptosis.  Indicaciones terap\u00e9uticas  Linfoma de c\u00e9lulas del manto en pacientes adultos Mieloma m\u00faltiple en pacientes adultos  Aprobaciones y pautas (FDA; EMA; ASCO; ESMO)  Ha sido aprobado por EMA y FDA para las indicaciones anteriormente mencionadas.  Dosis y plan terap\u00e9utico  La dosis y el plan terap\u00e9utico depender\u00e1 de la indicaci\u00f3n. Dosis recomendad: 1,3 mg\/m2\/dosis por v\u00eda IV o SC. Ajustar la dosis en caso de toxicidad hematol\u00f3gica o no hematol\u00f3gica, dolor neurop\u00e1tico o neuropat\u00eda perif\u00e9rica.  Por m\u00e1s informaci\u00f3n ver la ficha t\u00e9cnica del producto.","og_url":"https:\/\/iclos.global\/eng\/producto\/botemib\/","og_site_name":"ICLOS","article_modified_time":"2021-04-20T16:42:30+00:00","og_image":[{"width":600,"height":600,"url":"https:\/\/iclos.global\/eng\/wp-content\/uploads\/2021\/04\/botemib.jpg","type":"image\/jpeg"}],"twitter_card":"summary_large_image","twitter_misc":{"Tiempo de lectura":"1 minuto"},"schema":{"@context":"https:\/\/schema.org","@graph":[{"@type":"WebPage","@id":"https:\/\/iclos.global\/eng\/producto\/botemib\/","url":"https:\/\/iclos.global\/eng\/producto\/botemib\/","name":"Botemib - ICLOS","isPartOf":{"@id":"https:\/\/iclos.global\/eng\/#website"},"primaryImageOfPage":{"@id":"https:\/\/iclos.global\/eng\/producto\/botemib\/#primaryimage"},"image":{"@id":"https:\/\/iclos.global\/eng\/producto\/botemib\/#primaryimage"},"thumbnailUrl":"https:\/\/iclos.global\/eng\/wp-content\/uploads\/2021\/04\/botemib.jpg","datePublished":"2021-04-20T16:32:51+00:00","dateModified":"2021-04-20T16:42:30+00:00","breadcrumb":{"@id":"https:\/\/iclos.global\/eng\/producto\/botemib\/#breadcrumb"},"inLanguage":"es","potentialAction":[{"@type":"ReadAction","target":["https:\/\/iclos.global\/eng\/producto\/botemib\/"]}]},{"@type":"ImageObject","inLanguage":"es","@id":"https:\/\/iclos.global\/eng\/producto\/botemib\/#primaryimage","url":"https:\/\/iclos.global\/eng\/wp-content\/uploads\/2021\/04\/botemib.jpg","contentUrl":"https:\/\/iclos.global\/eng\/wp-content\/uploads\/2021\/04\/botemib.jpg","width":600,"height":600},{"@type":"BreadcrumbList","@id":"https:\/\/iclos.global\/eng\/producto\/botemib\/#breadcrumb","itemListElement":[{"@type":"ListItem","position":1,"name":"Portada","item":"https:\/\/iclos.global\/eng\/"},{"@type":"ListItem","position":2,"name":"Tienda","item":"https:\/\/iclos.global\/eng\/tienda\/"},{"@type":"ListItem","position":3,"name":"Botemib"}]},{"@type":"WebSite","@id":"https:\/\/iclos.global\/eng\/#website","url":"https:\/\/iclos.global\/eng\/","name":"MEGALABS","description":"","potentialAction":[{"@type":"SearchAction","target":{"@type":"EntryPoint","urlTemplate":"https:\/\/iclos.global\/eng\/?s={search_term_string}"},"query-input":{"@type":"PropertyValueSpecification","valueRequired":true,"valueName":"search_term_string"}}],"inLanguage":"es"}]}},"_links":{"self":[{"href":"https:\/\/iclos.global\/eng\/wp-json\/wp\/v2\/product\/86080","targetHints":{"allow":["GET"]}}],"collection":[{"href":"https:\/\/iclos.global\/eng\/wp-json\/wp\/v2\/product"}],"about":[{"href":"https:\/\/iclos.global\/eng\/wp-json\/wp\/v2\/types\/product"}],"wp:featuredmedia":[{"embeddable":true,"href":"https:\/\/iclos.global\/eng\/wp-json\/wp\/v2\/media\/86081"}],"wp:attachment":[{"href":"https:\/\/iclos.global\/eng\/wp-json\/wp\/v2\/media?parent=86080"}],"wp:term":[{"taxonomy":"product_cat","embeddable":true,"href":"https:\/\/iclos.global\/eng\/wp-json\/wp\/v2\/product_cat?post=86080"},{"taxonomy":"product_tag","embeddable":true,"href":"https:\/\/iclos.global\/eng\/wp-json\/wp\/v2\/product_tag?post=86080"}],"curies":[{"name":"wp","href":"https:\/\/api.w.org\/{rel}","templated":true}]}}