{"id":86085,"date":"2021-04-20T14:39:46","date_gmt":"2021-04-20T17:39:46","guid":{"rendered":"https:\/\/iclos.global\/eng\/?post_type=product&#038;p=86085"},"modified":"2021-04-20T14:47:59","modified_gmt":"2021-04-20T17:47:59","slug":"citabiclos","status":"publish","type":"product","link":"https:\/\/iclos.global\/eng\/producto\/citabiclos\/","title":{"rendered":"Citabiclos"},"content":{"rendered":"<div class=\"wpb-content-wrapper\"><p>[vc_row row_height_percent=\u00bb0&#8243; overlay_alpha=\u00bb50&#8243; gutter_size=\u00bb3&#8243; column_width_percent=\u00bb100&#8243; shift_y=\u00bb0&#8243; z_index=\u00bb0&#8243; el_class=\u00bbborro-en-producto\u00bb][vc_column width=\u00bb1\/1&#8243;][vc_column_text]<\/p>\n<h3>Principio activo: Ciclosporina<br \/>\nPresentaciones: 25 mg, 50 mg y 100 mg, 50 c\u00e1psulas blandas<\/h3>\n<p>&nbsp;<\/p>\n<h4><\/h4>\n<p><strong>Mecanismo de acci\u00f3n y blancos moleculares (biol\u00f3gicos)<\/strong><\/p>\n<p>La ciclosporina es un inmunosupresor que prolonga la supervivencia de los alotrasplantes de piel, coraz\u00f3n, ri\u00f1\u00f3n, p\u00e1ncreas, m\u00e9dula \u00f3sea, intestino delgado y pulm\u00f3n. Inhibe el desarrollo de las reacciones mediadas por c\u00e9lulas inmunitarias frente al aloinjerto, hipersensibilidad cut\u00e1nea retardada, encefalomielitis al\u00e9rgica experimental, artritis provocada por el adyuvante de Freund, enfermedad del injerto contra el hu\u00e9sped y tambi\u00e9n la producci\u00f3n de anticuerpos T-dependientes. Inhibe producci\u00f3n de citoquinas y limita la acci\u00f3n de los linfocitos B y T.[\/vc_column_text][\/vc_column][\/vc_row][vc_row row_height_percent=\u00bb0&#8243; overlay_alpha=\u00bb50&#8243; gutter_size=\u00bb3&#8243; column_width_percent=\u00bb100&#8243; shift_y=\u00bb0&#8243; z_index=\u00bb0&#8243; el_class=\u00bbcatalogo-item\u00bb][vc_column width=\u00bb1\/1&#8243;][vc_row_inner][vc_column_inner width=\u00bb1\/1&#8243;][vc_empty_space empty_h=\u00bb0&#8243;][\/vc_column_inner][\/vc_row_inner][vc_row_inner][vc_column_inner width=\u00bb5\/6&#8243;][vc_column_text][\/vc_column_text][\/vc_column_inner][vc_column_inner width=\u00bb1\/6&#8243;][vc_column_text]<img decoding=\"async\" class=\"alignnone wp-image-85422 size-full\" src=\"https:\/\/iclos.global\/eng\/wp-content\/uploads\/2020\/05\/logo-prod.png\" alt=\"\" width=\"128\" height=\"46\" \/>[\/vc_column_text][\/vc_column_inner][\/vc_row_inner][\/vc_column][\/vc_row]<\/p>\n<\/div>","protected":false},"excerpt":{"rendered":"<h3>Principio activo: Ciclosporina<br \/>\nPresentaciones: 25 mg, 50 mg y 100 mg, 50 c\u00e1psulas blandas<\/h3>\n<p>&nbsp;<\/p>\n<h4><\/h4>\n<p><strong>Mecanismo de acci\u00f3n y blancos moleculares (biol\u00f3gicos)<\/strong><\/p>\n<p>La ciclosporina es un inmunosupresor que prolonga la supervivencia de los alotrasplantes de piel, coraz\u00f3n, ri\u00f1\u00f3n, p\u00e1ncreas, m\u00e9dula \u00f3sea, intestino delgado y pulm\u00f3n. Inhibe el desarrollo de las reacciones mediadas por c\u00e9lulas inmunitarias frente al aloinjerto, hipersensibilidad cut\u00e1nea retardada, encefalomielitis al\u00e9rgica experimental, artritis provocada por el adyuvante de Freund, enfermedad del injerto contra el hu\u00e9sped y tambi\u00e9n la producci\u00f3n de anticuerpos T-dependientes. Inhibe producci\u00f3n de citoquinas y limita la acci\u00f3n de los linfocitos B y T.<\/p>\n<p><strong>Indicaciones terap\u00e9uticas<\/strong><\/p>\n<ul>\n<li>Profilaxis y\/o tratamiento de trasplante de \u00f3rganos (ri\u00f1\u00f3n, h\u00edgado, coraz\u00f3n, coraz\u00f3n-pulm\u00f3n, pulm\u00f3n y p\u00e1ncreas), m\u00e9dula \u00f3sea y c\u00e9lulas madre en adultos y ni\u00f1os.<\/li>\n<li>Uve\u00edtis end\u00f3gena en adultos.<\/li>\n<li>Psoriasis en adultos.<\/li>\n<li>S\u00edndrome nefr\u00f3tico en adultos y ni\u00f1os.<\/li>\n<li>Artritis reumatoide en adultos.<\/li>\n<li>Dermatitis at\u00f3pica en adultos.<\/li>\n<\/ul>\n<p><strong>Aprobaciones y pautas (FDA; EMA; ASCO; ESMO)<\/strong><\/p>\n<p>Ciclosporina ha sido aprobada por EMA y FDA para las indicaciones anteriormente mencionadas.<\/p>\n<p><strong>Dosis y plan terap\u00e9utico<\/strong><\/p>\n<p>La dosis y el plan terap\u00e9utico depender\u00e1 de la indicaci\u00f3n. El rango de dosis recomendado var\u00eda entre 2 mg y 15 mg\/kg de peso corporal por v\u00eda oral, dos veces por d\u00eda.<br \/>\nAjustar la dosis seg\u00fan edad y funcionalidad renal.<\/p>\n<p><em>Por m\u00e1s informaci\u00f3n ver la ficha t\u00e9cnica del producto.<\/em><\/p>\n","protected":false},"featured_media":86086,"template":"","meta":[],"product_cat":[125],"product_tag":[],"class_list":{"0":"post-86085","1":"product","2":"type-product","3":"status-publish","4":"has-post-thumbnail","6":"product_cat-sin-categorizar","7":"pa_area-terapeutica-inmunosupresores-trasplantes","8":"pa_nombre-citabiclos","9":"pa_principio-activo-ciclosporina","11":"first","12":"instock","13":"shipping-taxable","14":"product-type-simple"},"yoast_head":"<!-- This site is optimized with the Yoast SEO plugin v24.1 - https:\/\/yoast.com\/wordpress\/plugins\/seo\/ -->\n<title>Citabiclos - ICLOS<\/title>\n<meta name=\"robots\" content=\"index, follow, max-snippet:-1, max-image-preview:large, max-video-preview:-1\" \/>\n<link rel=\"canonical\" href=\"https:\/\/iclos.global\/eng\/producto\/citabiclos\/\" \/>\n<meta property=\"og:locale\" content=\"es_ES\" \/>\n<meta property=\"og:type\" content=\"article\" \/>\n<meta property=\"og:title\" content=\"Citabiclos - ICLOS\" \/>\n<meta property=\"og:description\" content=\"Principio activo: Ciclosporina Presentaciones: 25 mg, 50 mg y 100 mg, 50 c\u00e1psulas blandas &nbsp;  Mecanismo de acci\u00f3n y blancos moleculares (biol\u00f3gicos)  La ciclosporina es un inmunosupresor que prolonga la supervivencia de los alotrasplantes de piel, coraz\u00f3n, ri\u00f1\u00f3n, p\u00e1ncreas, m\u00e9dula \u00f3sea, intestino delgado y pulm\u00f3n. Inhibe el desarrollo de las reacciones mediadas por c\u00e9lulas inmunitarias frente al aloinjerto, hipersensibilidad cut\u00e1nea retardada, encefalomielitis al\u00e9rgica experimental, artritis provocada por el adyuvante de Freund, enfermedad del injerto contra el hu\u00e9sped y tambi\u00e9n la producci\u00f3n de anticuerpos T-dependientes. Inhibe producci\u00f3n de citoquinas y limita la acci\u00f3n de los linfocitos B y T.  Indicaciones terap\u00e9uticas   Profilaxis y\/o tratamiento de trasplante de \u00f3rganos (ri\u00f1\u00f3n, h\u00edgado, coraz\u00f3n, coraz\u00f3n-pulm\u00f3n, pulm\u00f3n y p\u00e1ncreas), m\u00e9dula \u00f3sea y c\u00e9lulas madre en adultos y ni\u00f1os.  Uve\u00edtis end\u00f3gena en adultos.  Psoriasis en adultos.  S\u00edndrome nefr\u00f3tico en adultos y ni\u00f1os.  Artritis reumatoide en adultos.  Dermatitis at\u00f3pica en adultos.  Aprobaciones y pautas (FDA; EMA; ASCO; ESMO)  Ciclosporina ha sido aprobada por EMA y FDA para las indicaciones anteriormente mencionadas.  Dosis y plan terap\u00e9utico  La dosis y el plan terap\u00e9utico depender\u00e1 de la indicaci\u00f3n. El rango de dosis recomendado var\u00eda entre 2 mg y 15 mg\/kg de peso corporal por v\u00eda oral, dos veces por d\u00eda. Ajustar la dosis seg\u00fan edad y funcionalidad renal.  Por m\u00e1s informaci\u00f3n ver la ficha t\u00e9cnica del producto.\" \/>\n<meta property=\"og:url\" content=\"https:\/\/iclos.global\/eng\/producto\/citabiclos\/\" \/>\n<meta property=\"og:site_name\" content=\"ICLOS\" \/>\n<meta property=\"article:modified_time\" content=\"2021-04-20T17:47:59+00:00\" \/>\n<meta property=\"og:image\" content=\"https:\/\/iclos.global\/eng\/wp-content\/uploads\/2021\/04\/citabiclos.jpg\" \/>\n\t<meta property=\"og:image:width\" content=\"600\" \/>\n\t<meta property=\"og:image:height\" content=\"600\" \/>\n\t<meta property=\"og:image:type\" content=\"image\/jpeg\" \/>\n<meta name=\"twitter:card\" content=\"summary_large_image\" \/>\n<meta name=\"twitter:label1\" content=\"Tiempo de lectura\" \/>\n\t<meta name=\"twitter:data1\" content=\"1 minuto\" \/>\n<script type=\"application\/ld+json\" class=\"yoast-schema-graph\">{\"@context\":\"https:\/\/schema.org\",\"@graph\":[{\"@type\":\"WebPage\",\"@id\":\"https:\/\/iclos.global\/eng\/producto\/citabiclos\/\",\"url\":\"https:\/\/iclos.global\/eng\/producto\/citabiclos\/\",\"name\":\"Citabiclos - ICLOS\",\"isPartOf\":{\"@id\":\"https:\/\/iclos.global\/eng\/#website\"},\"primaryImageOfPage\":{\"@id\":\"https:\/\/iclos.global\/eng\/producto\/citabiclos\/#primaryimage\"},\"image\":{\"@id\":\"https:\/\/iclos.global\/eng\/producto\/citabiclos\/#primaryimage\"},\"thumbnailUrl\":\"https:\/\/iclos.global\/eng\/wp-content\/uploads\/2021\/04\/citabiclos.jpg\",\"datePublished\":\"2021-04-20T17:39:46+00:00\",\"dateModified\":\"2021-04-20T17:47:59+00:00\",\"breadcrumb\":{\"@id\":\"https:\/\/iclos.global\/eng\/producto\/citabiclos\/#breadcrumb\"},\"inLanguage\":\"es\",\"potentialAction\":[{\"@type\":\"ReadAction\",\"target\":[\"https:\/\/iclos.global\/eng\/producto\/citabiclos\/\"]}]},{\"@type\":\"ImageObject\",\"inLanguage\":\"es\",\"@id\":\"https:\/\/iclos.global\/eng\/producto\/citabiclos\/#primaryimage\",\"url\":\"https:\/\/iclos.global\/eng\/wp-content\/uploads\/2021\/04\/citabiclos.jpg\",\"contentUrl\":\"https:\/\/iclos.global\/eng\/wp-content\/uploads\/2021\/04\/citabiclos.jpg\",\"width\":600,\"height\":600},{\"@type\":\"BreadcrumbList\",\"@id\":\"https:\/\/iclos.global\/eng\/producto\/citabiclos\/#breadcrumb\",\"itemListElement\":[{\"@type\":\"ListItem\",\"position\":1,\"name\":\"Portada\",\"item\":\"https:\/\/iclos.global\/eng\/\"},{\"@type\":\"ListItem\",\"position\":2,\"name\":\"Tienda\",\"item\":\"https:\/\/iclos.global\/eng\/tienda\/\"},{\"@type\":\"ListItem\",\"position\":3,\"name\":\"Citabiclos\"}]},{\"@type\":\"WebSite\",\"@id\":\"https:\/\/iclos.global\/eng\/#website\",\"url\":\"https:\/\/iclos.global\/eng\/\",\"name\":\"MEGALABS\",\"description\":\"\",\"potentialAction\":[{\"@type\":\"SearchAction\",\"target\":{\"@type\":\"EntryPoint\",\"urlTemplate\":\"https:\/\/iclos.global\/eng\/?s={search_term_string}\"},\"query-input\":{\"@type\":\"PropertyValueSpecification\",\"valueRequired\":true,\"valueName\":\"search_term_string\"}}],\"inLanguage\":\"es\"}]}<\/script>\n<!-- \/ Yoast SEO plugin. -->","yoast_head_json":{"title":"Citabiclos - ICLOS","robots":{"index":"index","follow":"follow","max-snippet":"max-snippet:-1","max-image-preview":"max-image-preview:large","max-video-preview":"max-video-preview:-1"},"canonical":"https:\/\/iclos.global\/eng\/producto\/citabiclos\/","og_locale":"es_ES","og_type":"article","og_title":"Citabiclos - ICLOS","og_description":"Principio activo: Ciclosporina Presentaciones: 25 mg, 50 mg y 100 mg, 50 c\u00e1psulas blandas &nbsp;  Mecanismo de acci\u00f3n y blancos moleculares (biol\u00f3gicos)  La ciclosporina es un inmunosupresor que prolonga la supervivencia de los alotrasplantes de piel, coraz\u00f3n, ri\u00f1\u00f3n, p\u00e1ncreas, m\u00e9dula \u00f3sea, intestino delgado y pulm\u00f3n. Inhibe el desarrollo de las reacciones mediadas por c\u00e9lulas inmunitarias frente al aloinjerto, hipersensibilidad cut\u00e1nea retardada, encefalomielitis al\u00e9rgica experimental, artritis provocada por el adyuvante de Freund, enfermedad del injerto contra el hu\u00e9sped y tambi\u00e9n la producci\u00f3n de anticuerpos T-dependientes. Inhibe producci\u00f3n de citoquinas y limita la acci\u00f3n de los linfocitos B y T.  Indicaciones terap\u00e9uticas   Profilaxis y\/o tratamiento de trasplante de \u00f3rganos (ri\u00f1\u00f3n, h\u00edgado, coraz\u00f3n, coraz\u00f3n-pulm\u00f3n, pulm\u00f3n y p\u00e1ncreas), m\u00e9dula \u00f3sea y c\u00e9lulas madre en adultos y ni\u00f1os.  Uve\u00edtis end\u00f3gena en adultos.  Psoriasis en adultos.  S\u00edndrome nefr\u00f3tico en adultos y ni\u00f1os.  Artritis reumatoide en adultos.  Dermatitis at\u00f3pica en adultos.  Aprobaciones y pautas (FDA; EMA; ASCO; ESMO)  Ciclosporina ha sido aprobada por EMA y FDA para las indicaciones anteriormente mencionadas.  Dosis y plan terap\u00e9utico  La dosis y el plan terap\u00e9utico depender\u00e1 de la indicaci\u00f3n. El rango de dosis recomendado var\u00eda entre 2 mg y 15 mg\/kg de peso corporal por v\u00eda oral, dos veces por d\u00eda. Ajustar la dosis seg\u00fan edad y funcionalidad renal.  Por m\u00e1s informaci\u00f3n ver la ficha t\u00e9cnica del producto.","og_url":"https:\/\/iclos.global\/eng\/producto\/citabiclos\/","og_site_name":"ICLOS","article_modified_time":"2021-04-20T17:47:59+00:00","og_image":[{"width":600,"height":600,"url":"https:\/\/iclos.global\/eng\/wp-content\/uploads\/2021\/04\/citabiclos.jpg","type":"image\/jpeg"}],"twitter_card":"summary_large_image","twitter_misc":{"Tiempo de lectura":"1 minuto"},"schema":{"@context":"https:\/\/schema.org","@graph":[{"@type":"WebPage","@id":"https:\/\/iclos.global\/eng\/producto\/citabiclos\/","url":"https:\/\/iclos.global\/eng\/producto\/citabiclos\/","name":"Citabiclos - ICLOS","isPartOf":{"@id":"https:\/\/iclos.global\/eng\/#website"},"primaryImageOfPage":{"@id":"https:\/\/iclos.global\/eng\/producto\/citabiclos\/#primaryimage"},"image":{"@id":"https:\/\/iclos.global\/eng\/producto\/citabiclos\/#primaryimage"},"thumbnailUrl":"https:\/\/iclos.global\/eng\/wp-content\/uploads\/2021\/04\/citabiclos.jpg","datePublished":"2021-04-20T17:39:46+00:00","dateModified":"2021-04-20T17:47:59+00:00","breadcrumb":{"@id":"https:\/\/iclos.global\/eng\/producto\/citabiclos\/#breadcrumb"},"inLanguage":"es","potentialAction":[{"@type":"ReadAction","target":["https:\/\/iclos.global\/eng\/producto\/citabiclos\/"]}]},{"@type":"ImageObject","inLanguage":"es","@id":"https:\/\/iclos.global\/eng\/producto\/citabiclos\/#primaryimage","url":"https:\/\/iclos.global\/eng\/wp-content\/uploads\/2021\/04\/citabiclos.jpg","contentUrl":"https:\/\/iclos.global\/eng\/wp-content\/uploads\/2021\/04\/citabiclos.jpg","width":600,"height":600},{"@type":"BreadcrumbList","@id":"https:\/\/iclos.global\/eng\/producto\/citabiclos\/#breadcrumb","itemListElement":[{"@type":"ListItem","position":1,"name":"Portada","item":"https:\/\/iclos.global\/eng\/"},{"@type":"ListItem","position":2,"name":"Tienda","item":"https:\/\/iclos.global\/eng\/tienda\/"},{"@type":"ListItem","position":3,"name":"Citabiclos"}]},{"@type":"WebSite","@id":"https:\/\/iclos.global\/eng\/#website","url":"https:\/\/iclos.global\/eng\/","name":"MEGALABS","description":"","potentialAction":[{"@type":"SearchAction","target":{"@type":"EntryPoint","urlTemplate":"https:\/\/iclos.global\/eng\/?s={search_term_string}"},"query-input":{"@type":"PropertyValueSpecification","valueRequired":true,"valueName":"search_term_string"}}],"inLanguage":"es"}]}},"_links":{"self":[{"href":"https:\/\/iclos.global\/eng\/wp-json\/wp\/v2\/product\/86085","targetHints":{"allow":["GET"]}}],"collection":[{"href":"https:\/\/iclos.global\/eng\/wp-json\/wp\/v2\/product"}],"about":[{"href":"https:\/\/iclos.global\/eng\/wp-json\/wp\/v2\/types\/product"}],"wp:featuredmedia":[{"embeddable":true,"href":"https:\/\/iclos.global\/eng\/wp-json\/wp\/v2\/media\/86086"}],"wp:attachment":[{"href":"https:\/\/iclos.global\/eng\/wp-json\/wp\/v2\/media?parent=86085"}],"wp:term":[{"taxonomy":"product_cat","embeddable":true,"href":"https:\/\/iclos.global\/eng\/wp-json\/wp\/v2\/product_cat?post=86085"},{"taxonomy":"product_tag","embeddable":true,"href":"https:\/\/iclos.global\/eng\/wp-json\/wp\/v2\/product_tag?post=86085"}],"curies":[{"name":"wp","href":"https:\/\/api.w.org\/{rel}","templated":true}]}}