{"id":86091,"date":"2021-04-20T18:35:21","date_gmt":"2021-04-20T21:35:21","guid":{"rendered":"https:\/\/iclos.global\/eng\/?post_type=product&#038;p=86091"},"modified":"2021-04-20T18:49:05","modified_gmt":"2021-04-20T21:49:05","slug":"enerceptan-exadia","status":"publish","type":"product","link":"https:\/\/iclos.global\/eng\/producto\/enerceptan-exadia\/","title":{"rendered":"Enerceptan &#8211; Exadia"},"content":{"rendered":"<div class=\"wpb-content-wrapper\"><p>[vc_row row_height_percent=\u00bb0&#8243; overlay_alpha=\u00bb50&#8243; gutter_size=\u00bb3&#8243; column_width_percent=\u00bb100&#8243; shift_y=\u00bb0&#8243; z_index=\u00bb0&#8243; el_class=\u00bbborro-en-producto\u00bb][vc_column width=\u00bb1\/1&#8243;][vc_column_text]<\/p>\n<h3>Principio activo: Etanercept<br \/>\nPresentaciones: 25 mg x jga, 50 mg x jga<\/h3>\n<p>&nbsp;<\/p>\n<h4><\/h4>\n<p><strong>Mecanismo de acci\u00f3n y blancos moleculares (biol\u00f3gicos)<\/strong><\/p>\n<p>Etanercept es una prote\u00edna recombinante producida en c\u00e9lulas de h\u00e1mster chino, que posee una porci\u00f3n del factor de necrosis tumoral (TNF) humano ligado a la regi\u00f3n Fc de la inmunoglobulina humana IgG1. Etanercept es capaz de unirse con dos mol\u00e9culas de TNF y remover a dicha citoquina de la circulaci\u00f3n; disminuyendo la inflamaci\u00f3n donde TNF est\u00e1 acumulado.[\/vc_column_text][\/vc_column][\/vc_row][vc_row row_height_percent=\u00bb0&#8243; overlay_alpha=\u00bb50&#8243; gutter_size=\u00bb3&#8243; column_width_percent=\u00bb100&#8243; shift_y=\u00bb0&#8243; z_index=\u00bb0&#8243; el_class=\u00bbcatalogo-item\u00bb][vc_column width=\u00bb1\/1&#8243;][vc_row_inner][vc_column_inner width=\u00bb1\/1&#8243;][vc_empty_space empty_h=\u00bb0&#8243;][\/vc_column_inner][\/vc_row_inner][vc_row_inner][vc_column_inner width=\u00bb5\/6&#8243;][vc_column_text][\/vc_column_text][\/vc_column_inner][vc_column_inner width=\u00bb1\/6&#8243;][vc_column_text]<img decoding=\"async\" class=\"alignnone wp-image-85422 size-full\" src=\"https:\/\/iclos.global\/eng\/wp-content\/uploads\/2020\/05\/logo-prod.png\" alt=\"\" width=\"128\" height=\"46\" \/>[\/vc_column_text][\/vc_column_inner][\/vc_row_inner][\/vc_column][\/vc_row]<\/p>\n<\/div>","protected":false},"excerpt":{"rendered":"<h3>Principio activo: Etanercept<br \/>\nPresentaciones: 25 mg x jga, 50 mg x jga<\/h3>\n<p>&nbsp;<\/p>\n<h4><\/h4>\n<p><strong>Mecanismo de acci\u00f3n y blancos moleculares (biol\u00f3gicos)<\/strong><\/p>\n<p>Etanercept es una prote\u00edna recombinante producida en c\u00e9lulas de h\u00e1mster chino, que posee una porci\u00f3n del factor de necrosis tumoral (TNF) humano ligado a la regi\u00f3n Fc de la inmunoglobulina humana IgG1. Etanercept es capaz de unirse con dos mol\u00e9culas de TNF y remover a dicha citoquina de la circulaci\u00f3n; disminuyendo la inflamaci\u00f3n donde TNF est\u00e1 acumulado.<\/p>\n<p><strong>Indicaciones terap\u00e9uticas<\/strong><\/p>\n<ul>\n<li>Artritis reumatoidea activa moderada o hasta severa, solo o en combinaci\u00f3n con otros f\u00e1rmacos en pacientes refractarios a otras drogas.<\/li>\n<li>Artrosis idiop\u00e1tica juvenil poliarticular (AIJ) activa moderada o hasta severa.<\/li>\n<li>Artritis reumatoidea activa con artritis psori\u00e1sica.<\/li>\n<li>Artritis reumatoidea activa con artritis psori\u00e1sica en combinaci\u00f3n con otros f\u00e1rmacos en pacientes refractarios a otras drogas.<\/li>\n<li>Espondilitis anquilosante activa.<\/li>\n<li>Psoriasis cr\u00f3nica en placa en pacientes adultos mayores de 18 a\u00f1os moderada o severa que con intolerantes o que se les ha contraindicado otros tratamientos sist\u00e9micos como la ciclosporina, metotrexato o PUVA.<\/li>\n<\/ul>\n<p><strong>Aprobaciones y pautas (FDA; EMA; ASCO; ESMO)<\/strong><\/p>\n<p>Etanercept ha sido aprobado por EMA y FDA para las indicaciones anteriormente mencionadas.<\/p>\n<p><strong>Dosis y plan terap\u00e9utico<\/strong><\/p>\n<p>Enerceptan\u00ae\/Exadia\u00ae debe administrarse por v\u00eda subcut\u00e1nea en muslo, abdomen, o brazo.<br \/>\nEl plan terap\u00e9utico var\u00eda seg\u00fan la patolog\u00eda, con rangos de 25-50 mg administrados semanalmente por un per\u00edodo aproximado de 3 meses.<\/p>\n<p><em>Por m\u00e1s informaci\u00f3n ver la ficha t\u00e9cnica del producto.<\/em><\/p>\n","protected":false},"featured_media":86092,"template":"","meta":[],"product_cat":[125],"product_tag":[],"class_list":{"0":"post-86091","1":"product","2":"type-product","3":"status-publish","4":"has-post-thumbnail","6":"product_cat-sin-categorizar","7":"pa_area-terapeutica-biotecnologicos","8":"pa_area-terapeutica-reumatologia","9":"pa_nombre-enerceptan-exadia","10":"pa_principio-activo-etanercept","12":"first","13":"instock","14":"shipping-taxable","15":"product-type-simple"},"yoast_head":"<!-- This site is optimized with the Yoast SEO plugin v24.1 - https:\/\/yoast.com\/wordpress\/plugins\/seo\/ -->\n<title>Enerceptan - Exadia - ICLOS<\/title>\n<meta name=\"robots\" content=\"index, follow, max-snippet:-1, max-image-preview:large, max-video-preview:-1\" \/>\n<link rel=\"canonical\" href=\"https:\/\/iclos.global\/eng\/producto\/enerceptan-exadia\/\" \/>\n<meta property=\"og:locale\" content=\"es_ES\" \/>\n<meta property=\"og:type\" content=\"article\" \/>\n<meta property=\"og:title\" content=\"Enerceptan - Exadia - ICLOS\" \/>\n<meta property=\"og:description\" content=\"Principio activo: Etanercept Presentaciones: 25 mg x jga, 50 mg x jga &nbsp;  Mecanismo de acci\u00f3n y blancos moleculares (biol\u00f3gicos)  Etanercept es una prote\u00edna recombinante producida en c\u00e9lulas de h\u00e1mster chino, que posee una porci\u00f3n del factor de necrosis tumoral (TNF) humano ligado a la regi\u00f3n Fc de la inmunoglobulina humana IgG1. Etanercept es capaz de unirse con dos mol\u00e9culas de TNF y remover a dicha citoquina de la circulaci\u00f3n; disminuyendo la inflamaci\u00f3n donde TNF est\u00e1 acumulado.  Indicaciones terap\u00e9uticas   Artritis reumatoidea activa moderada o hasta severa, solo o en combinaci\u00f3n con otros f\u00e1rmacos en pacientes refractarios a otras drogas.  Artrosis idiop\u00e1tica juvenil poliarticular (AIJ) activa moderada o hasta severa.  Artritis reumatoidea activa con artritis psori\u00e1sica.  Artritis reumatoidea activa con artritis psori\u00e1sica en combinaci\u00f3n con otros f\u00e1rmacos en pacientes refractarios a otras drogas.  Espondilitis anquilosante activa.  Psoriasis cr\u00f3nica en placa en pacientes adultos mayores de 18 a\u00f1os moderada o severa que con intolerantes o que se les ha contraindicado otros tratamientos sist\u00e9micos como la ciclosporina, metotrexato o PUVA.  Aprobaciones y pautas (FDA; EMA; ASCO; ESMO)  Etanercept ha sido aprobado por EMA y FDA para las indicaciones anteriormente mencionadas.  Dosis y plan terap\u00e9utico  Enerceptan\u00ae\/Exadia\u00ae debe administrarse por v\u00eda subcut\u00e1nea en muslo, abdomen, o brazo. El plan terap\u00e9utico var\u00eda seg\u00fan la patolog\u00eda, con rangos de 25-50 mg administrados semanalmente por un per\u00edodo aproximado de 3 meses.  Por m\u00e1s informaci\u00f3n ver la ficha t\u00e9cnica del producto.\" \/>\n<meta property=\"og:url\" content=\"https:\/\/iclos.global\/eng\/producto\/enerceptan-exadia\/\" \/>\n<meta property=\"og:site_name\" content=\"ICLOS\" \/>\n<meta property=\"article:modified_time\" content=\"2021-04-20T21:49:05+00:00\" \/>\n<meta property=\"og:image\" content=\"https:\/\/iclos.global\/eng\/wp-content\/uploads\/2021\/04\/exadia.jpg\" \/>\n\t<meta property=\"og:image:width\" content=\"600\" \/>\n\t<meta property=\"og:image:height\" content=\"600\" \/>\n\t<meta property=\"og:image:type\" content=\"image\/jpeg\" \/>\n<meta name=\"twitter:card\" content=\"summary_large_image\" \/>\n<meta name=\"twitter:label1\" content=\"Tiempo de lectura\" \/>\n\t<meta name=\"twitter:data1\" content=\"1 minuto\" \/>\n<script type=\"application\/ld+json\" class=\"yoast-schema-graph\">{\"@context\":\"https:\/\/schema.org\",\"@graph\":[{\"@type\":\"WebPage\",\"@id\":\"https:\/\/iclos.global\/eng\/producto\/enerceptan-exadia\/\",\"url\":\"https:\/\/iclos.global\/eng\/producto\/enerceptan-exadia\/\",\"name\":\"Enerceptan - Exadia - ICLOS\",\"isPartOf\":{\"@id\":\"https:\/\/iclos.global\/eng\/#website\"},\"primaryImageOfPage\":{\"@id\":\"https:\/\/iclos.global\/eng\/producto\/enerceptan-exadia\/#primaryimage\"},\"image\":{\"@id\":\"https:\/\/iclos.global\/eng\/producto\/enerceptan-exadia\/#primaryimage\"},\"thumbnailUrl\":\"https:\/\/iclos.global\/eng\/wp-content\/uploads\/2021\/04\/exadia.jpg\",\"datePublished\":\"2021-04-20T21:35:21+00:00\",\"dateModified\":\"2021-04-20T21:49:05+00:00\",\"breadcrumb\":{\"@id\":\"https:\/\/iclos.global\/eng\/producto\/enerceptan-exadia\/#breadcrumb\"},\"inLanguage\":\"es\",\"potentialAction\":[{\"@type\":\"ReadAction\",\"target\":[\"https:\/\/iclos.global\/eng\/producto\/enerceptan-exadia\/\"]}]},{\"@type\":\"ImageObject\",\"inLanguage\":\"es\",\"@id\":\"https:\/\/iclos.global\/eng\/producto\/enerceptan-exadia\/#primaryimage\",\"url\":\"https:\/\/iclos.global\/eng\/wp-content\/uploads\/2021\/04\/exadia.jpg\",\"contentUrl\":\"https:\/\/iclos.global\/eng\/wp-content\/uploads\/2021\/04\/exadia.jpg\",\"width\":600,\"height\":600},{\"@type\":\"BreadcrumbList\",\"@id\":\"https:\/\/iclos.global\/eng\/producto\/enerceptan-exadia\/#breadcrumb\",\"itemListElement\":[{\"@type\":\"ListItem\",\"position\":1,\"name\":\"Portada\",\"item\":\"https:\/\/iclos.global\/eng\/\"},{\"@type\":\"ListItem\",\"position\":2,\"name\":\"Tienda\",\"item\":\"https:\/\/iclos.global\/eng\/tienda\/\"},{\"@type\":\"ListItem\",\"position\":3,\"name\":\"Enerceptan &#8211; Exadia\"}]},{\"@type\":\"WebSite\",\"@id\":\"https:\/\/iclos.global\/eng\/#website\",\"url\":\"https:\/\/iclos.global\/eng\/\",\"name\":\"MEGALABS\",\"description\":\"\",\"potentialAction\":[{\"@type\":\"SearchAction\",\"target\":{\"@type\":\"EntryPoint\",\"urlTemplate\":\"https:\/\/iclos.global\/eng\/?s={search_term_string}\"},\"query-input\":{\"@type\":\"PropertyValueSpecification\",\"valueRequired\":true,\"valueName\":\"search_term_string\"}}],\"inLanguage\":\"es\"}]}<\/script>\n<!-- \/ Yoast SEO plugin. -->","yoast_head_json":{"title":"Enerceptan - Exadia - ICLOS","robots":{"index":"index","follow":"follow","max-snippet":"max-snippet:-1","max-image-preview":"max-image-preview:large","max-video-preview":"max-video-preview:-1"},"canonical":"https:\/\/iclos.global\/eng\/producto\/enerceptan-exadia\/","og_locale":"es_ES","og_type":"article","og_title":"Enerceptan - Exadia - ICLOS","og_description":"Principio activo: Etanercept Presentaciones: 25 mg x jga, 50 mg x jga &nbsp;  Mecanismo de acci\u00f3n y blancos moleculares (biol\u00f3gicos)  Etanercept es una prote\u00edna recombinante producida en c\u00e9lulas de h\u00e1mster chino, que posee una porci\u00f3n del factor de necrosis tumoral (TNF) humano ligado a la regi\u00f3n Fc de la inmunoglobulina humana IgG1. Etanercept es capaz de unirse con dos mol\u00e9culas de TNF y remover a dicha citoquina de la circulaci\u00f3n; disminuyendo la inflamaci\u00f3n donde TNF est\u00e1 acumulado.  Indicaciones terap\u00e9uticas   Artritis reumatoidea activa moderada o hasta severa, solo o en combinaci\u00f3n con otros f\u00e1rmacos en pacientes refractarios a otras drogas.  Artrosis idiop\u00e1tica juvenil poliarticular (AIJ) activa moderada o hasta severa.  Artritis reumatoidea activa con artritis psori\u00e1sica.  Artritis reumatoidea activa con artritis psori\u00e1sica en combinaci\u00f3n con otros f\u00e1rmacos en pacientes refractarios a otras drogas.  Espondilitis anquilosante activa.  Psoriasis cr\u00f3nica en placa en pacientes adultos mayores de 18 a\u00f1os moderada o severa que con intolerantes o que se les ha contraindicado otros tratamientos sist\u00e9micos como la ciclosporina, metotrexato o PUVA.  Aprobaciones y pautas (FDA; EMA; ASCO; ESMO)  Etanercept ha sido aprobado por EMA y FDA para las indicaciones anteriormente mencionadas.  Dosis y plan terap\u00e9utico  Enerceptan\u00ae\/Exadia\u00ae debe administrarse por v\u00eda subcut\u00e1nea en muslo, abdomen, o brazo. El plan terap\u00e9utico var\u00eda seg\u00fan la patolog\u00eda, con rangos de 25-50 mg administrados semanalmente por un per\u00edodo aproximado de 3 meses.  Por m\u00e1s informaci\u00f3n ver la ficha t\u00e9cnica del producto.","og_url":"https:\/\/iclos.global\/eng\/producto\/enerceptan-exadia\/","og_site_name":"ICLOS","article_modified_time":"2021-04-20T21:49:05+00:00","og_image":[{"width":600,"height":600,"url":"https:\/\/iclos.global\/eng\/wp-content\/uploads\/2021\/04\/exadia.jpg","type":"image\/jpeg"}],"twitter_card":"summary_large_image","twitter_misc":{"Tiempo de lectura":"1 minuto"},"schema":{"@context":"https:\/\/schema.org","@graph":[{"@type":"WebPage","@id":"https:\/\/iclos.global\/eng\/producto\/enerceptan-exadia\/","url":"https:\/\/iclos.global\/eng\/producto\/enerceptan-exadia\/","name":"Enerceptan - Exadia - ICLOS","isPartOf":{"@id":"https:\/\/iclos.global\/eng\/#website"},"primaryImageOfPage":{"@id":"https:\/\/iclos.global\/eng\/producto\/enerceptan-exadia\/#primaryimage"},"image":{"@id":"https:\/\/iclos.global\/eng\/producto\/enerceptan-exadia\/#primaryimage"},"thumbnailUrl":"https:\/\/iclos.global\/eng\/wp-content\/uploads\/2021\/04\/exadia.jpg","datePublished":"2021-04-20T21:35:21+00:00","dateModified":"2021-04-20T21:49:05+00:00","breadcrumb":{"@id":"https:\/\/iclos.global\/eng\/producto\/enerceptan-exadia\/#breadcrumb"},"inLanguage":"es","potentialAction":[{"@type":"ReadAction","target":["https:\/\/iclos.global\/eng\/producto\/enerceptan-exadia\/"]}]},{"@type":"ImageObject","inLanguage":"es","@id":"https:\/\/iclos.global\/eng\/producto\/enerceptan-exadia\/#primaryimage","url":"https:\/\/iclos.global\/eng\/wp-content\/uploads\/2021\/04\/exadia.jpg","contentUrl":"https:\/\/iclos.global\/eng\/wp-content\/uploads\/2021\/04\/exadia.jpg","width":600,"height":600},{"@type":"BreadcrumbList","@id":"https:\/\/iclos.global\/eng\/producto\/enerceptan-exadia\/#breadcrumb","itemListElement":[{"@type":"ListItem","position":1,"name":"Portada","item":"https:\/\/iclos.global\/eng\/"},{"@type":"ListItem","position":2,"name":"Tienda","item":"https:\/\/iclos.global\/eng\/tienda\/"},{"@type":"ListItem","position":3,"name":"Enerceptan &#8211; Exadia"}]},{"@type":"WebSite","@id":"https:\/\/iclos.global\/eng\/#website","url":"https:\/\/iclos.global\/eng\/","name":"MEGALABS","description":"","potentialAction":[{"@type":"SearchAction","target":{"@type":"EntryPoint","urlTemplate":"https:\/\/iclos.global\/eng\/?s={search_term_string}"},"query-input":{"@type":"PropertyValueSpecification","valueRequired":true,"valueName":"search_term_string"}}],"inLanguage":"es"}]}},"_links":{"self":[{"href":"https:\/\/iclos.global\/eng\/wp-json\/wp\/v2\/product\/86091","targetHints":{"allow":["GET"]}}],"collection":[{"href":"https:\/\/iclos.global\/eng\/wp-json\/wp\/v2\/product"}],"about":[{"href":"https:\/\/iclos.global\/eng\/wp-json\/wp\/v2\/types\/product"}],"wp:featuredmedia":[{"embeddable":true,"href":"https:\/\/iclos.global\/eng\/wp-json\/wp\/v2\/media\/86092"}],"wp:attachment":[{"href":"https:\/\/iclos.global\/eng\/wp-json\/wp\/v2\/media?parent=86091"}],"wp:term":[{"taxonomy":"product_cat","embeddable":true,"href":"https:\/\/iclos.global\/eng\/wp-json\/wp\/v2\/product_cat?post=86091"},{"taxonomy":"product_tag","embeddable":true,"href":"https:\/\/iclos.global\/eng\/wp-json\/wp\/v2\/product_tag?post=86091"}],"curies":[{"name":"wp","href":"https:\/\/api.w.org\/{rel}","templated":true}]}}