{"id":86110,"date":"2021-04-21T11:11:36","date_gmt":"2021-04-21T14:11:36","guid":{"rendered":"https:\/\/iclos.global\/eng\/?post_type=product&#038;p=86110"},"modified":"2021-04-21T11:17:43","modified_gmt":"2021-04-21T14:17:43","slug":"inoxtar","status":"publish","type":"product","link":"https:\/\/iclos.global\/eng\/producto\/inoxtar\/","title":{"rendered":"Inoxtar"},"content":{"rendered":"<div class=\"wpb-content-wrapper\"><p>[vc_row row_height_percent=\u00bb0&#8243; overlay_alpha=\u00bb50&#8243; gutter_size=\u00bb3&#8243; column_width_percent=\u00bb100&#8243; shift_y=\u00bb0&#8243; z_index=\u00bb0&#8243; el_class=\u00bbborro-en-producto\u00bb][vc_column width=\u00bb1\/1&#8243;][vc_column_text]<\/p>\n<h3>Principio activo: Pazopanib<br \/>\nPresentaciones: 400 mg x 60 comprimidos<br \/>\n200mg x 90 comprimidos<\/h3>\n<p>&nbsp;<\/p>\n<h4><\/h4>\n<p><strong>Mecanismo de acci\u00f3n y blancos moleculares (biol\u00f3gicos)<\/strong><\/p>\n<p>Pazopanib inhibidor multi-tirosin quinasa de: receptores VEGD 1, 2 y 3; receptores PDGF, receptor de citoquina cKit, receptor de IL-2 inducible por quinasa de c\u00e9lulas T (Itk). Su funci\u00f3n principal es intervenir con la angiog\u00e9nesis, impidiendo el crecimiento tumoral y su sobrevida.[\/vc_column_text][\/vc_column][\/vc_row][vc_row row_height_percent=\u00bb0&#8243; overlay_alpha=\u00bb50&#8243; gutter_size=\u00bb3&#8243; column_width_percent=\u00bb100&#8243; shift_y=\u00bb0&#8243; z_index=\u00bb0&#8243; el_class=\u00bbcatalogo-item\u00bb][vc_column width=\u00bb1\/1&#8243;][vc_row_inner][vc_column_inner width=\u00bb1\/1&#8243;][vc_empty_space empty_h=\u00bb0&#8243;][\/vc_column_inner][\/vc_row_inner][vc_row_inner][vc_column_inner width=\u00bb5\/6&#8243;][vc_column_text][\/vc_column_text][\/vc_column_inner][vc_column_inner width=\u00bb1\/6&#8243;][vc_column_text]<img decoding=\"async\" class=\"alignnone wp-image-85422 size-full\" src=\"https:\/\/iclos.global\/eng\/wp-content\/uploads\/2020\/05\/logo-prod.png\" alt=\"\" width=\"128\" height=\"46\" \/>[\/vc_column_text][\/vc_column_inner][\/vc_row_inner][\/vc_column][\/vc_row]<\/p>\n<\/div>","protected":false},"excerpt":{"rendered":"<h3>Principio activo: Pazopanib<br \/>\nPresentaciones: 400 mg x 60 comprimidos<br \/>\n200mg x 90 comprimidos<\/h3>\n<p>&nbsp;<\/p>\n<h4><\/h4>\n<p><strong>Mecanismo de acci\u00f3n y blancos moleculares (biol\u00f3gicos)<\/strong><\/p>\n<p>Pazopanib inhibidor multi-tirosin quinasa de: receptores VEGD 1, 2 y 3; receptores PDGF, receptor de citoquina cKit, receptor de IL-2 inducible por quinasa de c\u00e9lulas T (Itk). Su funci\u00f3n principal es intervenir con la angiog\u00e9nesis, impidiendo el crecimiento tumoral y su sobrevida.<\/p>\n<p><strong>Indicaciones terap\u00e9uticas<\/strong><\/p>\n<ul>\n<li>C\u00e1ncer de c\u00e9lulas renal avanzado.<\/li>\n<li>Ciertas formas de sarcoma tisular de tejidos blandos.<\/li>\n<\/ul>\n<p><strong>Aprobaciones y pautas (FDA; EMA; ASCO; ESMO)<\/strong><\/p>\n<p>Paznopanib ha sido aprobado por EMA y FDA para las indicaciones anteriormente mencionadas.<br \/>\nASCO y ESMO recomiendan el uso de Pazopanib como tratamiento de primera l\u00ednea para pacientes con c\u00e1ncer de las c\u00e9lulas renales.<\/p>\n<p><strong>Dosis y plan terap\u00e9utico<\/strong><\/p>\n<p>El plan terap\u00e9utico var\u00eda seg\u00fan la indicaci\u00f3n. Se recomienda una dosis diaria m\u00e1xima de 800mg. La reducci\u00f3n inicial de dosis debe ser de 400mg. Aumentos o reducciones posteriores deben hacerse de a 200mg dependiendo de la tolerancia.<\/p>\n<p><em>Por m\u00e1s informaci\u00f3n ver la ficha t\u00e9cnica del producto.<\/em><\/p>\n","protected":false},"featured_media":86111,"template":"","meta":[],"product_cat":[125],"product_tag":[],"class_list":{"0":"post-86110","1":"product","2":"type-product","3":"status-publish","4":"has-post-thumbnail","6":"product_cat-sin-categorizar","7":"pa_area-terapeutica-oncologia","8":"pa_nombre-inoxtar","9":"pa_principio-activo-pazopanib","11":"first","12":"instock","13":"shipping-taxable","14":"product-type-simple"},"yoast_head":"<!-- This site is optimized with the Yoast SEO plugin v24.1 - https:\/\/yoast.com\/wordpress\/plugins\/seo\/ -->\n<title>Inoxtar - ICLOS<\/title>\n<meta name=\"robots\" content=\"index, follow, max-snippet:-1, max-image-preview:large, max-video-preview:-1\" \/>\n<link rel=\"canonical\" href=\"https:\/\/iclos.global\/eng\/producto\/inoxtar\/\" \/>\n<meta property=\"og:locale\" content=\"es_ES\" \/>\n<meta property=\"og:type\" content=\"article\" \/>\n<meta property=\"og:title\" content=\"Inoxtar - ICLOS\" \/>\n<meta property=\"og:description\" content=\"Principio activo: Pazopanib Presentaciones: 400 mg x 60 comprimidos 200mg x 90 comprimidos &nbsp;  Mecanismo de acci\u00f3n y blancos moleculares (biol\u00f3gicos)  Pazopanib inhibidor multi-tirosin quinasa de: receptores VEGD 1, 2 y 3; receptores PDGF, receptor de citoquina cKit, receptor de IL-2 inducible por quinasa de c\u00e9lulas T (Itk). Su funci\u00f3n principal es intervenir con la angiog\u00e9nesis, impidiendo el crecimiento tumoral y su sobrevida.  Indicaciones terap\u00e9uticas   C\u00e1ncer de c\u00e9lulas renal avanzado.  Ciertas formas de sarcoma tisular de tejidos blandos.  Aprobaciones y pautas (FDA; EMA; ASCO; ESMO)  Paznopanib ha sido aprobado por EMA y FDA para las indicaciones anteriormente mencionadas. ASCO y ESMO recomiendan el uso de Pazopanib como tratamiento de primera l\u00ednea para pacientes con c\u00e1ncer de las c\u00e9lulas renales.  Dosis y plan terap\u00e9utico  El plan terap\u00e9utico var\u00eda seg\u00fan la indicaci\u00f3n. Se recomienda una dosis diaria m\u00e1xima de 800mg. La reducci\u00f3n inicial de dosis debe ser de 400mg. Aumentos o reducciones posteriores deben hacerse de a 200mg dependiendo de la tolerancia.  Por m\u00e1s informaci\u00f3n ver la ficha t\u00e9cnica del producto.\" \/>\n<meta property=\"og:url\" content=\"https:\/\/iclos.global\/eng\/producto\/inoxtar\/\" \/>\n<meta property=\"og:site_name\" content=\"ICLOS\" \/>\n<meta property=\"article:modified_time\" content=\"2021-04-21T14:17:43+00:00\" \/>\n<meta property=\"og:image\" content=\"https:\/\/iclos.global\/eng\/wp-content\/uploads\/2021\/04\/inoxtar.jpg\" \/>\n\t<meta property=\"og:image:width\" content=\"600\" \/>\n\t<meta property=\"og:image:height\" content=\"600\" \/>\n\t<meta property=\"og:image:type\" content=\"image\/jpeg\" \/>\n<meta name=\"twitter:card\" content=\"summary_large_image\" \/>\n<meta name=\"twitter:label1\" content=\"Tiempo de lectura\" \/>\n\t<meta name=\"twitter:data1\" content=\"1 minuto\" \/>\n<script type=\"application\/ld+json\" class=\"yoast-schema-graph\">{\"@context\":\"https:\/\/schema.org\",\"@graph\":[{\"@type\":\"WebPage\",\"@id\":\"https:\/\/iclos.global\/eng\/producto\/inoxtar\/\",\"url\":\"https:\/\/iclos.global\/eng\/producto\/inoxtar\/\",\"name\":\"Inoxtar - ICLOS\",\"isPartOf\":{\"@id\":\"https:\/\/iclos.global\/eng\/#website\"},\"primaryImageOfPage\":{\"@id\":\"https:\/\/iclos.global\/eng\/producto\/inoxtar\/#primaryimage\"},\"image\":{\"@id\":\"https:\/\/iclos.global\/eng\/producto\/inoxtar\/#primaryimage\"},\"thumbnailUrl\":\"https:\/\/iclos.global\/eng\/wp-content\/uploads\/2021\/04\/inoxtar.jpg\",\"datePublished\":\"2021-04-21T14:11:36+00:00\",\"dateModified\":\"2021-04-21T14:17:43+00:00\",\"breadcrumb\":{\"@id\":\"https:\/\/iclos.global\/eng\/producto\/inoxtar\/#breadcrumb\"},\"inLanguage\":\"es\",\"potentialAction\":[{\"@type\":\"ReadAction\",\"target\":[\"https:\/\/iclos.global\/eng\/producto\/inoxtar\/\"]}]},{\"@type\":\"ImageObject\",\"inLanguage\":\"es\",\"@id\":\"https:\/\/iclos.global\/eng\/producto\/inoxtar\/#primaryimage\",\"url\":\"https:\/\/iclos.global\/eng\/wp-content\/uploads\/2021\/04\/inoxtar.jpg\",\"contentUrl\":\"https:\/\/iclos.global\/eng\/wp-content\/uploads\/2021\/04\/inoxtar.jpg\",\"width\":600,\"height\":600},{\"@type\":\"BreadcrumbList\",\"@id\":\"https:\/\/iclos.global\/eng\/producto\/inoxtar\/#breadcrumb\",\"itemListElement\":[{\"@type\":\"ListItem\",\"position\":1,\"name\":\"Portada\",\"item\":\"https:\/\/iclos.global\/eng\/\"},{\"@type\":\"ListItem\",\"position\":2,\"name\":\"Tienda\",\"item\":\"https:\/\/iclos.global\/eng\/tienda\/\"},{\"@type\":\"ListItem\",\"position\":3,\"name\":\"Inoxtar\"}]},{\"@type\":\"WebSite\",\"@id\":\"https:\/\/iclos.global\/eng\/#website\",\"url\":\"https:\/\/iclos.global\/eng\/\",\"name\":\"MEGALABS\",\"description\":\"\",\"potentialAction\":[{\"@type\":\"SearchAction\",\"target\":{\"@type\":\"EntryPoint\",\"urlTemplate\":\"https:\/\/iclos.global\/eng\/?s={search_term_string}\"},\"query-input\":{\"@type\":\"PropertyValueSpecification\",\"valueRequired\":true,\"valueName\":\"search_term_string\"}}],\"inLanguage\":\"es\"}]}<\/script>\n<!-- \/ Yoast SEO plugin. -->","yoast_head_json":{"title":"Inoxtar - ICLOS","robots":{"index":"index","follow":"follow","max-snippet":"max-snippet:-1","max-image-preview":"max-image-preview:large","max-video-preview":"max-video-preview:-1"},"canonical":"https:\/\/iclos.global\/eng\/producto\/inoxtar\/","og_locale":"es_ES","og_type":"article","og_title":"Inoxtar - ICLOS","og_description":"Principio activo: Pazopanib Presentaciones: 400 mg x 60 comprimidos 200mg x 90 comprimidos &nbsp;  Mecanismo de acci\u00f3n y blancos moleculares (biol\u00f3gicos)  Pazopanib inhibidor multi-tirosin quinasa de: receptores VEGD 1, 2 y 3; receptores PDGF, receptor de citoquina cKit, receptor de IL-2 inducible por quinasa de c\u00e9lulas T (Itk). Su funci\u00f3n principal es intervenir con la angiog\u00e9nesis, impidiendo el crecimiento tumoral y su sobrevida.  Indicaciones terap\u00e9uticas   C\u00e1ncer de c\u00e9lulas renal avanzado.  Ciertas formas de sarcoma tisular de tejidos blandos.  Aprobaciones y pautas (FDA; EMA; ASCO; ESMO)  Paznopanib ha sido aprobado por EMA y FDA para las indicaciones anteriormente mencionadas. ASCO y ESMO recomiendan el uso de Pazopanib como tratamiento de primera l\u00ednea para pacientes con c\u00e1ncer de las c\u00e9lulas renales.  Dosis y plan terap\u00e9utico  El plan terap\u00e9utico var\u00eda seg\u00fan la indicaci\u00f3n. Se recomienda una dosis diaria m\u00e1xima de 800mg. La reducci\u00f3n inicial de dosis debe ser de 400mg. Aumentos o reducciones posteriores deben hacerse de a 200mg dependiendo de la tolerancia.  Por m\u00e1s informaci\u00f3n ver la ficha t\u00e9cnica del producto.","og_url":"https:\/\/iclos.global\/eng\/producto\/inoxtar\/","og_site_name":"ICLOS","article_modified_time":"2021-04-21T14:17:43+00:00","og_image":[{"width":600,"height":600,"url":"https:\/\/iclos.global\/eng\/wp-content\/uploads\/2021\/04\/inoxtar.jpg","type":"image\/jpeg"}],"twitter_card":"summary_large_image","twitter_misc":{"Tiempo de lectura":"1 minuto"},"schema":{"@context":"https:\/\/schema.org","@graph":[{"@type":"WebPage","@id":"https:\/\/iclos.global\/eng\/producto\/inoxtar\/","url":"https:\/\/iclos.global\/eng\/producto\/inoxtar\/","name":"Inoxtar - ICLOS","isPartOf":{"@id":"https:\/\/iclos.global\/eng\/#website"},"primaryImageOfPage":{"@id":"https:\/\/iclos.global\/eng\/producto\/inoxtar\/#primaryimage"},"image":{"@id":"https:\/\/iclos.global\/eng\/producto\/inoxtar\/#primaryimage"},"thumbnailUrl":"https:\/\/iclos.global\/eng\/wp-content\/uploads\/2021\/04\/inoxtar.jpg","datePublished":"2021-04-21T14:11:36+00:00","dateModified":"2021-04-21T14:17:43+00:00","breadcrumb":{"@id":"https:\/\/iclos.global\/eng\/producto\/inoxtar\/#breadcrumb"},"inLanguage":"es","potentialAction":[{"@type":"ReadAction","target":["https:\/\/iclos.global\/eng\/producto\/inoxtar\/"]}]},{"@type":"ImageObject","inLanguage":"es","@id":"https:\/\/iclos.global\/eng\/producto\/inoxtar\/#primaryimage","url":"https:\/\/iclos.global\/eng\/wp-content\/uploads\/2021\/04\/inoxtar.jpg","contentUrl":"https:\/\/iclos.global\/eng\/wp-content\/uploads\/2021\/04\/inoxtar.jpg","width":600,"height":600},{"@type":"BreadcrumbList","@id":"https:\/\/iclos.global\/eng\/producto\/inoxtar\/#breadcrumb","itemListElement":[{"@type":"ListItem","position":1,"name":"Portada","item":"https:\/\/iclos.global\/eng\/"},{"@type":"ListItem","position":2,"name":"Tienda","item":"https:\/\/iclos.global\/eng\/tienda\/"},{"@type":"ListItem","position":3,"name":"Inoxtar"}]},{"@type":"WebSite","@id":"https:\/\/iclos.global\/eng\/#website","url":"https:\/\/iclos.global\/eng\/","name":"MEGALABS","description":"","potentialAction":[{"@type":"SearchAction","target":{"@type":"EntryPoint","urlTemplate":"https:\/\/iclos.global\/eng\/?s={search_term_string}"},"query-input":{"@type":"PropertyValueSpecification","valueRequired":true,"valueName":"search_term_string"}}],"inLanguage":"es"}]}},"_links":{"self":[{"href":"https:\/\/iclos.global\/eng\/wp-json\/wp\/v2\/product\/86110","targetHints":{"allow":["GET"]}}],"collection":[{"href":"https:\/\/iclos.global\/eng\/wp-json\/wp\/v2\/product"}],"about":[{"href":"https:\/\/iclos.global\/eng\/wp-json\/wp\/v2\/types\/product"}],"wp:featuredmedia":[{"embeddable":true,"href":"https:\/\/iclos.global\/eng\/wp-json\/wp\/v2\/media\/86111"}],"wp:attachment":[{"href":"https:\/\/iclos.global\/eng\/wp-json\/wp\/v2\/media?parent=86110"}],"wp:term":[{"taxonomy":"product_cat","embeddable":true,"href":"https:\/\/iclos.global\/eng\/wp-json\/wp\/v2\/product_cat?post=86110"},{"taxonomy":"product_tag","embeddable":true,"href":"https:\/\/iclos.global\/eng\/wp-json\/wp\/v2\/product_tag?post=86110"}],"curies":[{"name":"wp","href":"https:\/\/api.w.org\/{rel}","templated":true}]}}