{"id":86121,"date":"2021-04-21T12:26:30","date_gmt":"2021-04-21T15:26:30","guid":{"rendered":"https:\/\/iclos.global\/eng\/?post_type=product&#038;p=86121"},"modified":"2021-04-21T12:32:28","modified_gmt":"2021-04-21T15:32:28","slug":"peg-neutropine","status":"publish","type":"product","link":"https:\/\/iclos.global\/eng\/producto\/peg-neutropine\/","title":{"rendered":"Peg Neutropine"},"content":{"rendered":"<div class=\"wpb-content-wrapper\"><p>[vc_row row_height_percent=\u00bb0&#8243; overlay_alpha=\u00bb50&#8243; gutter_size=\u00bb3&#8243; column_width_percent=\u00bb100&#8243; shift_y=\u00bb0&#8243; z_index=\u00bb0&#8243; el_class=\u00bbborro-en-producto\u00bb][vc_column width=\u00bb1\/1&#8243;][vc_column_text]<\/p>\n<h3>Principio activo: Pegfilgrastim<br \/>\nPresentaciones: 6 mg x jga prellenada<\/h3>\n<p>&nbsp;<\/p>\n<h4><\/h4>\n<p><strong>Mecanismo de acci\u00f3n y blancos moleculares (biol\u00f3gicos)<\/strong><\/p>\n<p>Pegfilgrastim es una prote\u00edna recombinante humana pegilada (peg-G-CSF) producida en E.coli. La funci\u00f3n principal de filgrastim (G-CSF) es la estimulaci\u00f3n de la producci\u00f3n de neutr\u00f3filos.<br \/>\nLa pegilaci\u00f3n de G-CSF permite aumentar la vida media brind\u00e1ndole acci\u00f3n prolongada.<br \/>\nEsta adici\u00f3n permite optimizar la utilizaci\u00f3n del f\u00e1rmaco ya que implica una disminuci\u00f3n en la cantidad de dosis administradas, as\u00ed como tambi\u00e9n en la morbilidad mejorando la calidad de vida de los pacientes.[\/vc_column_text][\/vc_column][\/vc_row][vc_row row_height_percent=\u00bb0&#8243; overlay_alpha=\u00bb50&#8243; gutter_size=\u00bb3&#8243; column_width_percent=\u00bb100&#8243; shift_y=\u00bb0&#8243; z_index=\u00bb0&#8243; el_class=\u00bbcatalogo-item\u00bb][vc_column width=\u00bb1\/1&#8243;][vc_row_inner][vc_column_inner width=\u00bb1\/1&#8243;][vc_empty_space empty_h=\u00bb0&#8243;][\/vc_column_inner][\/vc_row_inner][vc_row_inner][vc_column_inner width=\u00bb5\/6&#8243;][vc_column_text][\/vc_column_text][\/vc_column_inner][vc_column_inner width=\u00bb1\/6&#8243;][vc_column_text]<img decoding=\"async\" class=\"alignnone wp-image-85422 size-full\" src=\"https:\/\/iclos.global\/eng\/wp-content\/uploads\/2020\/05\/logo-prod.png\" alt=\"\" width=\"128\" height=\"46\" \/>[\/vc_column_text][\/vc_column_inner][\/vc_row_inner][\/vc_column][\/vc_row]<\/p>\n<\/div>","protected":false},"excerpt":{"rendered":"<h3>Principio activo: Pegfilgrastim<br \/>\nPresentaciones: 6 mg x jga prellenada<\/h3>\n<p>&nbsp;<\/p>\n<h4><\/h4>\n<p><strong>Mecanismo de acci\u00f3n y blancos moleculares (biol\u00f3gicos)<\/strong><\/p>\n<p>Pegfilgrastim es una prote\u00edna recombinante humana pegilada (peg-G-CSF) producida en E.coli. La funci\u00f3n principal de filgrastim (G-CSF) es la estimulaci\u00f3n de la producci\u00f3n de neutr\u00f3filos.<br \/>\nLa pegilaci\u00f3n de G-CSF permite aumentar la vida media brind\u00e1ndole acci\u00f3n prolongada.<br \/>\nEsta adici\u00f3n permite optimizar la utilizaci\u00f3n del f\u00e1rmaco ya que implica una disminuci\u00f3n en la cantidad de dosis administradas, as\u00ed como tambi\u00e9n en la morbilidad mejorando la calidad de vida de los pacientes.<\/p>\n<p><strong>Indicaciones terap\u00e9uticas<\/strong><\/p>\n<ul>\n<li>Neutropenia en pacientes oncol\u00f3gicos tratados con quimioterapia citot\u00f3xica (excluyendo leucemia mieloide cr\u00f3nica y s\u00edndromes mielodispl\u00e1sicos).<\/li>\n<li>Pacientes expuestos agudamente a dosis mielosupresivas de radiaci\u00f3n.<\/li>\n<\/ul>\n<p><strong>Aprobaciones y pautas (FDA; EMA; ASCO; ESMO)<\/strong><\/p>\n<p>Peg-filgrastim ha sido aprobado por EMA y FDA para las indicaciones anteriormente mencionadas.<\/p>\n<p><strong>Dosis y plan terap\u00e9utico<\/strong><\/p>\n<p>La dosis recomendada de pegfilgrastim es de 6 mg (una jeringa precargada) por cada ciclo de quimioterapia, administrado a partir de las 24 horas despu\u00e9s de la quimioterapia citot\u00f3xica.<\/p>\n<p><em>Por m\u00e1s informaci\u00f3n ver la ficha t\u00e9cnica del producto.<\/em><\/p>\n","protected":false},"featured_media":86122,"template":"","meta":[],"product_cat":[125],"product_tag":[],"class_list":{"0":"post-86121","1":"product","2":"type-product","3":"status-publish","4":"has-post-thumbnail","6":"product_cat-sin-categorizar","7":"pa_area-terapeutica-biotecnologicos","8":"pa_area-terapeutica-hemato-oncologia","9":"pa_area-terapeutica-oncologia","10":"pa_nombre-peg-neutropine","11":"pa_principio-activo-pegfilgrastim","13":"first","14":"instock","15":"shipping-taxable","16":"product-type-simple"},"yoast_head":"<!-- This site is optimized with the Yoast SEO plugin v24.1 - https:\/\/yoast.com\/wordpress\/plugins\/seo\/ -->\n<title>Peg Neutropine - ICLOS<\/title>\n<meta name=\"robots\" content=\"index, follow, max-snippet:-1, max-image-preview:large, max-video-preview:-1\" \/>\n<link rel=\"canonical\" href=\"https:\/\/iclos.global\/eng\/producto\/peg-neutropine\/\" \/>\n<meta property=\"og:locale\" content=\"es_ES\" \/>\n<meta property=\"og:type\" content=\"article\" \/>\n<meta property=\"og:title\" content=\"Peg Neutropine - ICLOS\" \/>\n<meta property=\"og:description\" content=\"Principio activo: Pegfilgrastim Presentaciones: 6 mg x jga prellenada &nbsp;  Mecanismo de acci\u00f3n y blancos moleculares (biol\u00f3gicos)  Pegfilgrastim es una prote\u00edna recombinante humana pegilada (peg-G-CSF) producida en E.coli. La funci\u00f3n principal de filgrastim (G-CSF) es la estimulaci\u00f3n de la producci\u00f3n de neutr\u00f3filos. La pegilaci\u00f3n de G-CSF permite aumentar la vida media brind\u00e1ndole acci\u00f3n prolongada. Esta adici\u00f3n permite optimizar la utilizaci\u00f3n del f\u00e1rmaco ya que implica una disminuci\u00f3n en la cantidad de dosis administradas, as\u00ed como tambi\u00e9n en la morbilidad mejorando la calidad de vida de los pacientes.  Indicaciones terap\u00e9uticas   Neutropenia en pacientes oncol\u00f3gicos tratados con quimioterapia citot\u00f3xica (excluyendo leucemia mieloide cr\u00f3nica y s\u00edndromes mielodispl\u00e1sicos).  Pacientes expuestos agudamente a dosis mielosupresivas de radiaci\u00f3n.  Aprobaciones y pautas (FDA; EMA; ASCO; ESMO)  Peg-filgrastim ha sido aprobado por EMA y FDA para las indicaciones anteriormente mencionadas.  Dosis y plan terap\u00e9utico  La dosis recomendada de pegfilgrastim es de 6 mg (una jeringa precargada) por cada ciclo de quimioterapia, administrado a partir de las 24 horas despu\u00e9s de la quimioterapia citot\u00f3xica.  Por m\u00e1s informaci\u00f3n ver la ficha t\u00e9cnica del producto.\" \/>\n<meta property=\"og:url\" content=\"https:\/\/iclos.global\/eng\/producto\/peg-neutropine\/\" \/>\n<meta property=\"og:site_name\" content=\"ICLOS\" \/>\n<meta property=\"article:modified_time\" content=\"2021-04-21T15:32:28+00:00\" \/>\n<meta property=\"og:image\" content=\"https:\/\/iclos.global\/eng\/wp-content\/uploads\/2021\/04\/peg-neutropine.jpg\" \/>\n\t<meta property=\"og:image:width\" content=\"600\" \/>\n\t<meta property=\"og:image:height\" content=\"600\" \/>\n\t<meta property=\"og:image:type\" content=\"image\/jpeg\" \/>\n<meta name=\"twitter:card\" content=\"summary_large_image\" \/>\n<meta name=\"twitter:label1\" content=\"Tiempo de lectura\" \/>\n\t<meta name=\"twitter:data1\" content=\"1 minuto\" \/>\n<script type=\"application\/ld+json\" class=\"yoast-schema-graph\">{\"@context\":\"https:\/\/schema.org\",\"@graph\":[{\"@type\":\"WebPage\",\"@id\":\"https:\/\/iclos.global\/eng\/producto\/peg-neutropine\/\",\"url\":\"https:\/\/iclos.global\/eng\/producto\/peg-neutropine\/\",\"name\":\"Peg Neutropine - ICLOS\",\"isPartOf\":{\"@id\":\"https:\/\/iclos.global\/eng\/#website\"},\"primaryImageOfPage\":{\"@id\":\"https:\/\/iclos.global\/eng\/producto\/peg-neutropine\/#primaryimage\"},\"image\":{\"@id\":\"https:\/\/iclos.global\/eng\/producto\/peg-neutropine\/#primaryimage\"},\"thumbnailUrl\":\"https:\/\/iclos.global\/eng\/wp-content\/uploads\/2021\/04\/peg-neutropine.jpg\",\"datePublished\":\"2021-04-21T15:26:30+00:00\",\"dateModified\":\"2021-04-21T15:32:28+00:00\",\"breadcrumb\":{\"@id\":\"https:\/\/iclos.global\/eng\/producto\/peg-neutropine\/#breadcrumb\"},\"inLanguage\":\"es\",\"potentialAction\":[{\"@type\":\"ReadAction\",\"target\":[\"https:\/\/iclos.global\/eng\/producto\/peg-neutropine\/\"]}]},{\"@type\":\"ImageObject\",\"inLanguage\":\"es\",\"@id\":\"https:\/\/iclos.global\/eng\/producto\/peg-neutropine\/#primaryimage\",\"url\":\"https:\/\/iclos.global\/eng\/wp-content\/uploads\/2021\/04\/peg-neutropine.jpg\",\"contentUrl\":\"https:\/\/iclos.global\/eng\/wp-content\/uploads\/2021\/04\/peg-neutropine.jpg\",\"width\":600,\"height\":600},{\"@type\":\"BreadcrumbList\",\"@id\":\"https:\/\/iclos.global\/eng\/producto\/peg-neutropine\/#breadcrumb\",\"itemListElement\":[{\"@type\":\"ListItem\",\"position\":1,\"name\":\"Portada\",\"item\":\"https:\/\/iclos.global\/eng\/\"},{\"@type\":\"ListItem\",\"position\":2,\"name\":\"Tienda\",\"item\":\"https:\/\/iclos.global\/eng\/tienda\/\"},{\"@type\":\"ListItem\",\"position\":3,\"name\":\"Peg Neutropine\"}]},{\"@type\":\"WebSite\",\"@id\":\"https:\/\/iclos.global\/eng\/#website\",\"url\":\"https:\/\/iclos.global\/eng\/\",\"name\":\"MEGALABS\",\"description\":\"\",\"potentialAction\":[{\"@type\":\"SearchAction\",\"target\":{\"@type\":\"EntryPoint\",\"urlTemplate\":\"https:\/\/iclos.global\/eng\/?s={search_term_string}\"},\"query-input\":{\"@type\":\"PropertyValueSpecification\",\"valueRequired\":true,\"valueName\":\"search_term_string\"}}],\"inLanguage\":\"es\"}]}<\/script>\n<!-- \/ Yoast SEO plugin. -->","yoast_head_json":{"title":"Peg Neutropine - ICLOS","robots":{"index":"index","follow":"follow","max-snippet":"max-snippet:-1","max-image-preview":"max-image-preview:large","max-video-preview":"max-video-preview:-1"},"canonical":"https:\/\/iclos.global\/eng\/producto\/peg-neutropine\/","og_locale":"es_ES","og_type":"article","og_title":"Peg Neutropine - ICLOS","og_description":"Principio activo: Pegfilgrastim Presentaciones: 6 mg x jga prellenada &nbsp;  Mecanismo de acci\u00f3n y blancos moleculares (biol\u00f3gicos)  Pegfilgrastim es una prote\u00edna recombinante humana pegilada (peg-G-CSF) producida en E.coli. La funci\u00f3n principal de filgrastim (G-CSF) es la estimulaci\u00f3n de la producci\u00f3n de neutr\u00f3filos. La pegilaci\u00f3n de G-CSF permite aumentar la vida media brind\u00e1ndole acci\u00f3n prolongada. Esta adici\u00f3n permite optimizar la utilizaci\u00f3n del f\u00e1rmaco ya que implica una disminuci\u00f3n en la cantidad de dosis administradas, as\u00ed como tambi\u00e9n en la morbilidad mejorando la calidad de vida de los pacientes.  Indicaciones terap\u00e9uticas   Neutropenia en pacientes oncol\u00f3gicos tratados con quimioterapia citot\u00f3xica (excluyendo leucemia mieloide cr\u00f3nica y s\u00edndromes mielodispl\u00e1sicos).  Pacientes expuestos agudamente a dosis mielosupresivas de radiaci\u00f3n.  Aprobaciones y pautas (FDA; EMA; ASCO; ESMO)  Peg-filgrastim ha sido aprobado por EMA y FDA para las indicaciones anteriormente mencionadas.  Dosis y plan terap\u00e9utico  La dosis recomendada de pegfilgrastim es de 6 mg (una jeringa precargada) por cada ciclo de quimioterapia, administrado a partir de las 24 horas despu\u00e9s de la quimioterapia citot\u00f3xica.  Por m\u00e1s informaci\u00f3n ver la ficha t\u00e9cnica del producto.","og_url":"https:\/\/iclos.global\/eng\/producto\/peg-neutropine\/","og_site_name":"ICLOS","article_modified_time":"2021-04-21T15:32:28+00:00","og_image":[{"width":600,"height":600,"url":"https:\/\/iclos.global\/eng\/wp-content\/uploads\/2021\/04\/peg-neutropine.jpg","type":"image\/jpeg"}],"twitter_card":"summary_large_image","twitter_misc":{"Tiempo de lectura":"1 minuto"},"schema":{"@context":"https:\/\/schema.org","@graph":[{"@type":"WebPage","@id":"https:\/\/iclos.global\/eng\/producto\/peg-neutropine\/","url":"https:\/\/iclos.global\/eng\/producto\/peg-neutropine\/","name":"Peg Neutropine - ICLOS","isPartOf":{"@id":"https:\/\/iclos.global\/eng\/#website"},"primaryImageOfPage":{"@id":"https:\/\/iclos.global\/eng\/producto\/peg-neutropine\/#primaryimage"},"image":{"@id":"https:\/\/iclos.global\/eng\/producto\/peg-neutropine\/#primaryimage"},"thumbnailUrl":"https:\/\/iclos.global\/eng\/wp-content\/uploads\/2021\/04\/peg-neutropine.jpg","datePublished":"2021-04-21T15:26:30+00:00","dateModified":"2021-04-21T15:32:28+00:00","breadcrumb":{"@id":"https:\/\/iclos.global\/eng\/producto\/peg-neutropine\/#breadcrumb"},"inLanguage":"es","potentialAction":[{"@type":"ReadAction","target":["https:\/\/iclos.global\/eng\/producto\/peg-neutropine\/"]}]},{"@type":"ImageObject","inLanguage":"es","@id":"https:\/\/iclos.global\/eng\/producto\/peg-neutropine\/#primaryimage","url":"https:\/\/iclos.global\/eng\/wp-content\/uploads\/2021\/04\/peg-neutropine.jpg","contentUrl":"https:\/\/iclos.global\/eng\/wp-content\/uploads\/2021\/04\/peg-neutropine.jpg","width":600,"height":600},{"@type":"BreadcrumbList","@id":"https:\/\/iclos.global\/eng\/producto\/peg-neutropine\/#breadcrumb","itemListElement":[{"@type":"ListItem","position":1,"name":"Portada","item":"https:\/\/iclos.global\/eng\/"},{"@type":"ListItem","position":2,"name":"Tienda","item":"https:\/\/iclos.global\/eng\/tienda\/"},{"@type":"ListItem","position":3,"name":"Peg Neutropine"}]},{"@type":"WebSite","@id":"https:\/\/iclos.global\/eng\/#website","url":"https:\/\/iclos.global\/eng\/","name":"MEGALABS","description":"","potentialAction":[{"@type":"SearchAction","target":{"@type":"EntryPoint","urlTemplate":"https:\/\/iclos.global\/eng\/?s={search_term_string}"},"query-input":{"@type":"PropertyValueSpecification","valueRequired":true,"valueName":"search_term_string"}}],"inLanguage":"es"}]}},"_links":{"self":[{"href":"https:\/\/iclos.global\/eng\/wp-json\/wp\/v2\/product\/86121","targetHints":{"allow":["GET"]}}],"collection":[{"href":"https:\/\/iclos.global\/eng\/wp-json\/wp\/v2\/product"}],"about":[{"href":"https:\/\/iclos.global\/eng\/wp-json\/wp\/v2\/types\/product"}],"wp:featuredmedia":[{"embeddable":true,"href":"https:\/\/iclos.global\/eng\/wp-json\/wp\/v2\/media\/86122"}],"wp:attachment":[{"href":"https:\/\/iclos.global\/eng\/wp-json\/wp\/v2\/media?parent=86121"}],"wp:term":[{"taxonomy":"product_cat","embeddable":true,"href":"https:\/\/iclos.global\/eng\/wp-json\/wp\/v2\/product_cat?post=86121"},{"taxonomy":"product_tag","embeddable":true,"href":"https:\/\/iclos.global\/eng\/wp-json\/wp\/v2\/product_tag?post=86121"}],"curies":[{"name":"wp","href":"https:\/\/api.w.org\/{rel}","templated":true}]}}